{"id":5575,"date":"2017-08-08T10:10:12","date_gmt":"2017-08-08T08:10:12","guid":{"rendered":"http:\/\/wpdemos.themezaa.com\/pofo\/?page_id=5575"},"modified":"2024-10-25T12:45:11","modified_gmt":"2024-10-25T10:45:11","slug":"contact","status":"publish","type":"page","link":"https:\/\/www.xevin.eu\/en\/contact\/","title":{"rendered":"Contact Xevin Investments"},"content":{"rendered":"<section class=\"vc_row wpb_row vc_row-fluid   cover-background wow fadeIn\"><div class=\"wpb_column vc_column_container vc_col-sm-12  col-xs-mobile-fullwidth pofo-column-responsive-69e0deb44aade\"><div class=\"vc_column-inner\"><div class=\"wpb_wrapper\"><div class=\"vc_row wpb_row vc_inner vc_row-fluid\"><div class=\"wpb_column vc_column_container vc_col-sm-2 vc_col-lg-3 vc_col-md-3 vc_hidden-xs col-xs-mobile-fullwidth\"><div class=\"vc_column-inner\"><div class=\"wpb_wrapper\"><\/div><\/div><\/div><div class=\"wpb_column vc_column_container vc_col-sm-8 vc_col-lg-6 vc_col-md-6 vc_col-xs-12 text-center pofo-column-responsive-69e0deb44ac6f\"><div class=\"vc_column-inner vc_custom_1542563503958\"><div class=\"wpb_wrapper\"><h2 class=\"text-extra-dark-gray margin-20px-bottom font-weight-600 xh5 display-inline-block text-uppercase heading-style2  heading-1\"  style=\"font-weight: 700;\">CONTACT US<\/h2><\/div><\/div><\/div><div class=\"wpb_column vc_column_container vc_col-sm-2 vc_col-lg-3 vc_col-md-3 vc_hidden-xs col-xs-mobile-fullwidth\"><div class=\"vc_column-inner\"><div class=\"wpb_wrapper\"><\/div><\/div><\/div><\/div><div class=\"vc_row wpb_row vc_inner vc_row-fluid   pofo-inner-row-responsive-69e0deb44ad6b\"><div class=\"wpb_column vc_column_container vc_col-sm-6 vc_col-md-3 vc_col-xs-12 wow fadeInUp text-center pofo-column-responsive-69e0deb44ae1a\"><div class=\"vc_column-inner\"><div class=\"wpb_wrapper\"><div class=\"featurebox21 pofo-featurebox featurebox21-1\" ><div class=\"display-inline-block margin-25px-bottom sm-margin-15px-bottom xs-margin-10px-bottom\"><div class=\"bg-extra-dark-gray icon-round-medium\" style=\"\"><i class=\"link-icon display-block icon-map-pin icon-medium\"><\/i><\/div><\/div><span class=\"text-extra-dark-gray display-inline-block width-100 text-small font-weight-600 alt-font margin-5px-bottom\">VISIT OUR OFFICE<\/span><div class=\"xs-margin-10px-bottom center-col last-paragraph-no-margin\"><p class=\"center-col\">Pu\u0142awska 99A Street<br \/>\n02-595 Warsaw, Poland<\/p>\n<\/div><a class=\"pofo-info-link margin-15px-top xs-no-margin-top display-inline-block text-deep-pink text-small\" target=\"_blank\" href=\"https:\/\/goo.gl\/maps\/vobMTNDLxkm\">DIRECTIONS<\/a><\/div><\/div><\/div><\/div><div class=\"wpb_column vc_column_container vc_col-sm-6 vc_col-md-3 vc_col-xs-12 wow fadeInUp text-center pofo-column-responsive-69e0deb44b0f5\" data-wow-delay= 200ms><div class=\"vc_column-inner\"><div class=\"wpb_wrapper\"><div class=\"featurebox21 pofo-featurebox featurebox21-2\" ><div class=\"display-inline-block margin-25px-bottom sm-margin-15px-bottom xs-margin-10px-bottom\"><div class=\"bg-extra-dark-gray icon-round-medium\" style=\"\"><i class=\"link-icon display-block fab fa-facebook-f icon-medium\"><\/i><\/div><\/div><span class=\"text-extra-dark-gray display-inline-block width-100 text-small font-weight-600 alt-font margin-5px-bottom\">FACEBOOK<\/span><div class=\"xs-margin-10px-bottom center-col last-paragraph-no-margin\"><p class=\"center-col\" style=\"line-height: 48px;\">facebook.com\/XevinInvestments<\/p>\n<\/div><a class=\"pofo-info-link margin-15px-top xs-no-margin-top display-inline-block text-deep-pink text-small\" target=\"_self\" href=\"https:\/\/www.facebook.com\/XevinInvestments\/\">FACEBOOK<\/a><\/div><\/div><\/div><\/div><div class=\"wpb_column vc_column_container vc_col-sm-6 vc_col-md-3 vc_col-xs-12 wow fadeInUp text-center pofo-column-responsive-69e0deb44b1cb\" data-wow-delay= 400ms><div class=\"vc_column-inner\"><div class=\"wpb_wrapper\"><div class=\"featurebox21 pofo-featurebox featurebox21-3\" ><div class=\"display-inline-block margin-25px-bottom sm-margin-15px-bottom xs-margin-10px-bottom\"><div class=\"bg-extra-dark-gray icon-round-medium\" style=\"\"><i class=\"link-icon display-block icon-envelope icon-medium\"><\/i><\/div><\/div><span class=\"text-extra-dark-gray display-inline-block width-100 text-small font-weight-600 alt-font margin-5px-bottom\">WRITE TO US<\/span><div class=\"xs-margin-10px-bottom center-col last-paragraph-no-margin\"><p class=\"center-col\" style=\"line-height: 48px;\">c&#111;&#110;&#x74;&#x61;ct&#64;&#120;&#x65;&#x76;in&#46;&#101;&#x75;<\/p>\n<\/div><a class=\"pofo-info-link margin-15px-top xs-no-margin-top display-inline-block text-deep-pink text-small\" target=\"_self\" href=\"\/en\/&\/#109;&#x61;&#105;&#x6c;&#116;&#x6f;&#58;&#x63;&#111;&#x6e;&#116;&#x61;&#99;&#x74;&#64;&#x78;&#101;&#x76;&#105;&#x6e;&#46;&#x65;&#117;\">SEND E-MAIL<\/a><\/div><\/div><\/div><\/div><div class=\"wpb_column vc_column_container vc_col-sm-6 vc_col-md-3 vc_col-xs-12 wow fadeIn text-center pofo-column-responsive-69e0deb44b293\" data-wow-delay= 600ms><div class=\"vc_column-inner\"><div class=\"wpb_wrapper\"><div class=\"featurebox21 pofo-featurebox featurebox21-4\" ><div class=\"display-inline-block margin-25px-bottom sm-margin-15px-bottom xs-margin-10px-bottom\"><div class=\"bg-extra-dark-gray icon-round-medium\" style=\"\"><i class=\"link-icon display-block icon-megaphone icon-medium\"><\/i><\/div><\/div><span class=\"text-extra-dark-gray display-inline-block width-100 text-small font-weight-600 alt-font margin-5px-bottom\">ZG\u0141ASZANIE NARUSZE\u0143<\/span><div class=\"xs-margin-10px-bottom center-col last-paragraph-no-margin\"><p class=\"center-col\" style=\"line-height: 28px;\">&#x73;y&#x67;&#110;&#x61;&#108;i&#x73;&#99;&#x69;&#64;x&#x65;&#118;&#x69;&#110;&#46;&#x65;u<br \/>\nProcedura zg\u0142osze\u0144 narusze\u0144 dost\u0119pna na zapytanie mailowe na wskazany wy\u017cej adres<\/p>\n<\/div><a class=\"pofo-info-link margin-15px-top xs-no-margin-top display-inline-block text-deep-pink text-small\" target=\"_self\" href=\"\/en\/&\/#x6d;a&#x69;&#108;&#x74;&#x6f;:&#x73;&#121;&#x67;&#x6e;a&#x6c;&#105;&#x73;&#x63;i&#x40;&#120;&#x65;&#x76;i&#x6e;&#46;&#x65;&#x75;\">SEND E-MAIL<\/a><\/div><\/div><\/div><\/div><\/div><\/div><\/div><\/div><\/section><section data-vc-full-width=\"true\" data-vc-full-width-init=\"false\" data-vc-stretch-content=\"true\" class=\"vc_row wpb_row vc_row-fluid  vc_custom_1507626346143 wow fadeIn vc_row-has-fill pofo-stretch-content vc_row-o-equal-height vc_row-o-content-middle vc_row-flex\"><div class=\"wpb_column vc_column_container vc_col-has-fill vc_col-sm-12 vc_col-lg-6 vc_col-md-6 vc_col-xs-12 wow fadeIn pofo-column-responsive-69e0deb44b43e\"><div class=\"vc_column-inner cover-background bg-position-center-center vc_custom_1608719655322\"><div class=\"wpb_wrapper\"><\/div><\/div><\/div><div class=\"wpb_column vc_column_container vc_col-sm-12 vc_col-lg-6 vc_col-md-6 vc_col-xs-12 wow fadeIn text-center pofo-column-responsive-69e0deb44b485\"><div class=\"vc_column-inner\"><div class=\"wpb_wrapper\"><div class=\"vc_row wpb_row vc_inner vc_row-fluid  vc_custom_1510656960231 pofo-inner-row-responsive-69e0deb44b52c\"><div class=\"wpb_column vc_column_container vc_col-sm-12  col-xs-mobile-fullwidth\"><div class=\"vc_column-inner\"><div class=\"wpb_wrapper\"><div class=\"text-medium-gray text-small margin-5px-bottom alt-font text-uppercase heading-style4  vc_custom_1542572561181 pofo-button-responsive-69e0deb44b65b  heading-2\" >Fill out the form and we will contact you<\/div><h2 class=\"text-extra-dark-gray margin-20px-bottom font-weight-600 xh5 display-inline-block alt-font text-uppercase heading-style2  vc_custom_1608142505249 pofo-button-responsive-69e0deb44b690  heading-3\"  style=\"color: #ffffff;\">CONTACT FORM<\/h2><div role=\"form\" class=\"wpcf7\" id=\"wpcf7-f21655-o1\" lang=\"pl-PL\" dir=\"ltr\">\n<div class=\"screen-reader-response\"><p role=\"status\" aria-live=\"polite\" aria-atomic=\"true\"><\/p> <ul><\/ul><\/div>\n<form action=\"\/en\/wp-json\/wp\/v2\/pages\/5575#wpcf7-f21655-o1\" method=\"post\" class=\"wpcf7-form init\" enctype=\"multipart\/form-data\" novalidate=\"novalidate\" data-status=\"init\" data-trp-original-action=\"\/en\/wp-json\/wp\/v2\/pages\/5575#wpcf7-f21655-o1\">\n<div style=\"display: none;\">\n<input type=\"hidden\" name=\"_wpcf7\" value=\"21655\" \/>\n<input type=\"hidden\" name=\"_wpcf7_version\" value=\"5.4.1\" \/>\n<input type=\"hidden\" name=\"_wpcf7_locale\" value=\"pl_PL\" \/>\n<input type=\"hidden\" name=\"_wpcf7_unit_tag\" value=\"wpcf7-f21655-o1\" \/>\n<input type=\"hidden\" name=\"_wpcf7_container_post\" value=\"0\" \/>\n<input type=\"hidden\" name=\"_wpcf7_posted_data_hash\" value=\"\" \/>\n<input type=\"hidden\" name=\"_wpcf7_recaptcha_response\" value=\"\" \/>\n<\/div>\n<div>\n    <span class=\"wpcf7-form-control-wrap contact-name\"><input type=\"text\" name=\"contact-name\" value=\"\" size=\"40\" class=\"wpcf7-form-control wpcf7-text wpcf7-validates-as-required input-border-bottom padding-10px-lr\" aria-required=\"true\" aria-invalid=\"false\" placeholder=\"Name and Surname\" \/><\/span><br \/>\n    <span class=\"wpcf7-form-control-wrap contact-email\"><input type=\"email\" name=\"contact-email\" value=\"\" size=\"40\" class=\"wpcf7-form-control wpcf7-text wpcf7-email wpcf7-validates-as-required wpcf7-validates-as-email input-border-bottom padding-10px-lr\" aria-required=\"true\" aria-invalid=\"false\" placeholder=\"E-mail*\" \/><\/span><br \/>\n    <span class=\"wpcf7-form-control-wrap contact-subject\"><input type=\"text\" name=\"contact-subject\" value=\"\" size=\"40\" class=\"wpcf7-form-control wpcf7-text input-border-bottom padding-10px-lr\" aria-invalid=\"false\" placeholder=\"Subject\" \/><\/span><br \/>\n    <span class=\"wpcf7-form-control-wrap contact-message\"><textarea name=\"contact-message\" cols=\"40\" rows=\"3\" class=\"wpcf7-form-control wpcf7-textarea xs-margin-20px-bottom input-border-bottom\" aria-invalid=\"false\" placeholder=\"Message\"><\/textarea><\/span><br \/>\n    <span class=\"wpcf7-form-control-wrap file-996\"><input type=\"file\" name=\"file-996\" size=\"40\" class=\"wpcf7-form-control wpcf7-file input-border-bottom\" accept=\".pdf,.doc\" aria-invalid=\"false\" \/><\/span><br \/>\n    <input type=\"submit\" value=\"Send message\" class=\"wpcf7-form-control wpcf7-submit btn btn-small btn-deep-pink\" \/>\n<\/div>\n<div class=\"wpcf7-response-output\" aria-hidden=\"true\"><\/div><input type=\"hidden\" name=\"trp-form-language\" value=\"en\"\/><\/form><\/div><\/div><\/div><\/div><\/div><\/div><\/div><\/div><\/section><div class=\"vc_row-full-width vc_clearfix\"><\/div><section class=\"vc_row wpb_row vc_row-fluid\"><div class=\"wpb_column vc_column_container vc_col-sm-12  col-xs-mobile-fullwidth wow fadeIn\"><div class=\"vc_column-inner\"><div class=\"wpb_wrapper\"><div class=\"vc_row wpb_row vc_inner vc_row-fluid\"><div class=\"wpb_column vc_column_container vc_col-sm-3  col-xs-mobile-fullwidth\"><div class=\"vc_column-inner\"><div class=\"wpb_wrapper\"><\/div><\/div><\/div><div class=\"wpb_column vc_column_container vc_col-sm-6  col-xs-mobile-fullwidth text-center pofo-column-responsive-69e0deb44bf32\"><div class=\"vc_column-inner\"><div class=\"wpb_wrapper\"><h2 class=\"text-extra-dark-gray margin-20px-bottom font-weight-600 xh6 display-inline-block alt-font heading-style2  heading-4\"  style=\"font-weight: 500;\">Zanim wy\u015blesz nam biznesplan,<br \/>sprawd\u017a, czy zawiera poni\u017csze informacje.<\/h2><span class=\"text-extra-dark-gray margin-20px-bottom font-weight-600 display-inline-block heading-style2  heading-5\" >W przeci\u0105gu tygodnia odpowiemy na Twoje zg\u0142oszenie.<\/span><\/div><\/div><\/div><div class=\"wpb_column vc_column_container vc_col-sm-3  col-xs-mobile-fullwidth\"><div class=\"vc_column-inner\"><div class=\"wpb_wrapper\"><\/div><\/div><\/div><\/div><\/div><\/div><\/div><\/section><section class=\"vc_row wpb_row vc_row-fluid  vc_custom_1542581249314\"><div class=\"wpb_column vc_column_container vc_col-sm-3  col-xs-mobile-fullwidth\"><div class=\"vc_column-inner\"><div class=\"wpb_wrapper\"><div class=\"featurebox31 pofo-featurebox featurebox31-1\" ><div class=\"text-light-gray margin-10px-bottom sm-margin-5px-bottom alt-font\"><span class=\"text-deep-pink margin-15px-right pull-left text-large xs-display-block xs-margin-lr-auto xs-width-100\" style=\"\">01<\/span><span class=\"text-extra-dark-gray\">About the company<\/span><\/div><div class=\"last-paragraph-no-margin\"><ul>\n<li>Describe your business in one sentence<\/li>\n<\/ul>\n<\/div><\/div><\/div><\/div><\/div><div class=\"wpb_column vc_column_container vc_col-sm-3  col-xs-mobile-fullwidth\"><div class=\"vc_column-inner\"><div class=\"wpb_wrapper\"><div class=\"featurebox31 pofo-featurebox featurebox31-2\" ><div class=\"text-light-gray margin-10px-bottom sm-margin-5px-bottom alt-font\"><span class=\"text-deep-pink margin-15px-right pull-left text-large xs-display-block xs-margin-lr-auto xs-width-100\" style=\"\">02<\/span><span class=\"text-extra-dark-gray\">Team<\/span><\/div><div class=\"last-paragraph-no-margin\"><ul>\n<li>What are the qualifications of your team members?<\/li>\n<\/ul>\n<\/div><\/div><\/div><\/div><\/div><div class=\"wpb_column vc_column_container vc_col-sm-3  col-xs-mobile-fullwidth\"><div class=\"vc_column-inner\"><div class=\"wpb_wrapper\"><div class=\"featurebox31 pofo-featurebox featurebox31-3\" ><div class=\"text-light-gray margin-10px-bottom sm-margin-5px-bottom alt-font\"><span class=\"text-deep-pink margin-15px-right pull-left text-large xs-display-block xs-margin-lr-auto xs-width-100\" style=\"\">03<\/span><span class=\"text-extra-dark-gray\">Problem<\/span><\/div><div class=\"last-paragraph-no-margin\"><ul>\n<li>What problem do you want to solve?<\/li>\n<li>What solutions are present on the market today?<\/li>\n<\/ul>\n<\/div><\/div><\/div><\/div><\/div><div class=\"wpb_column vc_column_container vc_col-sm-3  col-xs-mobile-fullwidth\"><div class=\"vc_column-inner\"><div class=\"wpb_wrapper\"><div class=\"featurebox31 pofo-featurebox featurebox31-4\" ><div class=\"text-light-gray margin-10px-bottom sm-margin-5px-bottom alt-font\"><span class=\"text-deep-pink margin-15px-right pull-left text-large xs-display-block xs-margin-lr-auto xs-width-100\" style=\"\">04<\/span><span class=\"text-extra-dark-gray\">Solution<\/span><\/div><div class=\"last-paragraph-no-margin\"><ul>\n<li>How do you solve the problem?<\/li>\n<li>Give examples of the use of your product<\/li>\n<\/ul>\n<\/div><\/div><\/div><\/div><\/div><\/section><section class=\"vc_row wpb_row vc_row-fluid  vc_custom_1542581239738\"><div class=\"wpb_column vc_column_container vc_col-sm-3  col-xs-mobile-fullwidth\"><div class=\"vc_column-inner\"><div class=\"wpb_wrapper\"><div class=\"featurebox31 pofo-featurebox featurebox31-5\" ><div class=\"text-light-gray margin-10px-bottom sm-margin-5px-bottom alt-font\"><span class=\"text-deep-pink margin-15px-right pull-left text-large xs-display-block xs-margin-lr-auto xs-width-100\" style=\"\">05<\/span><span class=\"text-extra-dark-gray\">Why now<\/span><\/div><div class=\"last-paragraph-no-margin\"><ul>\n<li>Describe the history of a market niche<\/li>\n<li>List the trends that make your solution possible<\/li>\n<li>What innovations are you introducing?<\/li>\n<\/ul>\n<\/div><\/div><\/div><\/div><\/div><div class=\"wpb_column vc_column_container vc_col-sm-3  col-xs-mobile-fullwidth\"><div class=\"vc_column-inner\"><div class=\"wpb_wrapper\"><div class=\"featurebox31 pofo-featurebox featurebox31-6\" ><div class=\"text-light-gray margin-10px-bottom sm-margin-5px-bottom alt-font\"><span class=\"text-deep-pink margin-15px-right pull-left text-large xs-display-block xs-margin-lr-auto xs-width-100\" style=\"\">06<\/span><span class=\"text-extra-dark-gray\">Market Size<\/span><\/div><div class=\"last-paragraph-no-margin\"><ul>\n<li>How big is the market you intend to enter<\/li>\n<\/ul>\n<\/div><\/div><\/div><\/div><\/div><div class=\"wpb_column vc_column_container vc_col-sm-3  col-xs-mobile-fullwidth\"><div class=\"vc_column-inner\"><div class=\"wpb_wrapper\"><div class=\"featurebox31 pofo-featurebox featurebox31-7\" ><div class=\"text-light-gray margin-10px-bottom sm-margin-5px-bottom alt-font\"><span class=\"text-deep-pink margin-15px-right pull-left text-large xs-display-block xs-margin-lr-auto xs-width-100\" style=\"\">07<\/span><span class=\"text-extra-dark-gray\">Competition<\/span><\/div><div class=\"last-paragraph-no-margin\"><ul>\n<li>List competing companies<\/li>\n<li>List your competitive advantages<\/li>\n<\/ul>\n<\/div><\/div><\/div><\/div><\/div><div class=\"wpb_column vc_column_container vc_col-sm-3  col-xs-mobile-fullwidth\"><div class=\"vc_column-inner\"><div class=\"wpb_wrapper\"><div class=\"featurebox31 pofo-featurebox featurebox31-8\" ><div class=\"text-light-gray margin-10px-bottom sm-margin-5px-bottom alt-font\"><span class=\"text-deep-pink margin-15px-right pull-left text-large xs-display-block xs-margin-lr-auto xs-width-100\" style=\"\">08<\/span><span class=\"text-extra-dark-gray\">Product<\/span><\/div><div class=\"last-paragraph-no-margin\"><ul>\n<li>Describe the product line (functionality, patents)<\/li>\n<li>Describe your product development plan<\/li>\n<\/ul>\n<\/div><\/div><\/div><\/div><\/div><\/section><section class=\"vc_row wpb_row vc_row-fluid  vc_custom_1542581232146\"><div class=\"wpb_column vc_column_container vc_col-sm-3  col-xs-mobile-fullwidth\"><div class=\"vc_column-inner\"><div class=\"wpb_wrapper\"><div class=\"featurebox31 pofo-featurebox featurebox31-9\" ><div class=\"text-light-gray margin-10px-bottom sm-margin-5px-bottom alt-font\"><span class=\"text-deep-pink margin-15px-right pull-left text-large xs-display-block xs-margin-lr-auto xs-width-100\" style=\"\">09<\/span><span class=\"text-extra-dark-gray\">Business model<\/span><\/div><div class=\"last-paragraph-no-margin\"><ul>\n<li>Monetization method<\/li>\n<li>Pricing strategy<\/li>\n<li>Average sales per customer<\/li>\n<li>Distribution method<\/li>\n<li>Marketing<\/li>\n<\/ul>\n<\/div><\/div><\/div><\/div><\/div><div class=\"wpb_column vc_column_container vc_col-sm-3  col-xs-mobile-fullwidth\"><div class=\"vc_column-inner\"><div class=\"wpb_wrapper\"><div class=\"featurebox31 pofo-featurebox featurebox31-10\" ><div class=\"text-light-gray margin-10px-bottom sm-margin-5px-bottom alt-font\"><span class=\"text-deep-pink margin-15px-right pull-left text-large xs-display-block xs-margin-lr-auto xs-width-100\" style=\"\">10<\/span><span class=\"text-extra-dark-gray\">Finance<\/span><\/div><div class=\"last-paragraph-no-margin\"><ul>\n<li>Profit and Loss Account<\/li>\n<li>Cash flow<\/li>\n<li>Expected size of the investment<\/li>\n<\/ul>\n<\/div><\/div><\/div><\/div><\/div><div class=\"wpb_column vc_column_container vc_col-sm-3  col-xs-mobile-fullwidth\"><div class=\"vc_column-inner\"><div class=\"wpb_wrapper\"><div class=\"featurebox31 pofo-featurebox featurebox31-11\" ><div class=\"text-light-gray margin-10px-bottom sm-margin-5px-bottom alt-font\"><span class=\"text-deep-pink margin-15px-right pull-left text-large xs-display-block xs-margin-lr-auto xs-width-100\" style=\"\">11<\/span><span class=\"text-extra-dark-gray\">Development and challenges<\/span><\/div><div class=\"last-paragraph-no-margin\"><ul>\n<li>What stage of development is the project at?<\/li>\n<li>What are the 3 biggest obstacles to further development?<\/li>\n<\/ul>\n<\/div><\/div><\/div><\/div><\/div><\/section><section data-vc-full-width=\"true\" data-vc-full-width-init=\"false\" data-vc-stretch-content=\"true\" class=\"vc_row wpb_row vc_row-fluid  vc_custom_1507626820758 wow fadeIn pofo-stretch-content vc_row-no-padding\"><div class=\"wpb_column vc_column_container vc_col-sm-12  col-xs-mobile-fullwidth\"><div class=\"vc_column-inner\"><div class=\"wpb_wrapper\"><div class=\"last-paragraph-no-margin\"><p><iframe style=\"border: 0;\" src=\"https:\/\/www.google.com\/maps\/embed?pb=!1m18!1m12!1m3!1d9781.818877365178!2d21.015834975663683!3d52.19878362161238!2m3!1f0!2f0!3f0!3m2!1i1024!2i768!4f13.1!3m3!1m2!1s0x471ecd2922d8f083%3A0x2b059f452dbc71db!2sPu%C5%82awska+99A%2C+02-684+Warszawa!5e0!3m2!1spl!2spl!4v1542569613808\" width=\"600\" height=\"450\" frameborder=\"0\" allowfullscreen=\"allowfullscreen\"><\/iframe><\/p>\n<\/div><\/div><\/div><\/div><\/section><div class=\"vc_row-full-width vc_clearfix\"><\/div><section class=\"vc_row wpb_row vc_row-fluid\"><div class=\"wpb_column vc_column_container vc_col-sm-12  col-xs-mobile-fullwidth text-center\"><div class=\"vc_column-inner\"><div class=\"wpb_wrapper\"><div  class=\"pofo-social-links social-icon-style-5 social-icon-1\"><ul class=\"large-icon\"><li><a class=\"facebook-f\" href=\"https:\/\/www.facebook.com\/XevinInvestments\/\" target=\"_blank\"><i class=\"fab fa-facebook-f\"><\/i><\/a><\/li><li><a class=\"linkedin-in\" href=\"https:\/\/pl.linkedin.com\/company\/xevin-investments\" target=\"_blank\"><i class=\"fab fa-linkedin-in\"><\/i><\/a><\/li><li><a class=\"yelp\" href=\"https:\/\/www.crunchbase.com\/organization\/xevin-investments\" target=\"_blank\"><i class=\"fab fa-yelp\"><\/i><\/a><\/li><li><a class=\"envelope\" href=\"\/en\/&\/#109;a&#x69;l&#x74;&#111;&#x3a;&#99;&#x6f;&#110;t&#x61;c&#x74;&#64;&#x78;&#101;&#x76;&#105;&#x6e;&#46;e&#x75;\" target=\"_blank\"><i class=\"fas fa-envelope\"><\/i><\/a><\/li><\/ul><\/div><\/div><\/div><\/div><\/section>","protected":false},"excerpt":{"rendered":"Skontaktuj si\u0119ODWIED\u0179 NASZE BIUROul. Pu\u0142awska 99A 02-595 Warszawa, Polska WSKAZ\u00d3WKI DOJAZDUFACEBOOKfacebook.com\/XevinInvestments FACEBOOKNAPISZ DO &#x4e;&#x41;&#x53;&#x63;&#x6f;&#x6e;&#x74;&#x61;&#99;&#116;&#64;&#120;&#101;&#118;&#105;n&#46;eu WY\u015aLIJ E-MAILZG\u0141ASZANIE &#x4e;&#x41;&#x52;&#x55;&#x53;&#90;&#69;\u0143syg&#x6e;&#x61;&#x6c;&#x69;&#x73;&#x63;&#105;&#64;&#120;evi&#x6e;&#x2e;&#x65;&#x75; Procedura zg\u0142osze\u0144 narusze\u0144 dost\u0119pna na zapytanie mailowe na wskazany wy\u017cej adres WY\u015aLIJ E-MAILWype\u0142nij formularz, a my skontaktujemy si\u0119 z Tob\u0105Formularz Kontaktowy Zanim wy\u015blesz nam biznesplan,sprawd\u017a, czy zawiera poni\u017csze informacje.W przeci\u0105gu tygodnia odpowiemy na Twoje zg\u0142oszenie.01O firmie Opisz sw\u00f3j biznes w jednym zdaniu 02Zesp\u00f3\u0142 Jakie s\u0105 kwalifikacje cz\u0142onk\u00f3w Twojego zespo\u0142u 03Problem Jaki problem chcesz rozwi\u0105za\u0107 Jakie rozwi\u0105zania funkcjonuj\u0105 dzisiaj na rynku 04Rozwi\u0105zanie W jaki spos\u00f3b rozwi\u0105zujesz problem Podaj przyk\u0142ady zastosowania swojego produktu 05Dlaczego teraz Opisz histori\u0119 niszy rynkowej Podaj trendy, kt\u00f3re sprawiaj\u0105, \u017ce twoje rozwi\u0105zanie jest mo\u017cliwe Jakie innowacje wprowadzasz 06Rozmiar rynku Jak du\u017cy jest rynek, na kt\u00f3ry zamierzasz wej\u015b\u0107 07Konkurencja Wymie\u0144 konkurencyjne firmy Wymie\u0144 swoje przewagi konkurencyjne 08Produkt Opisz lini\u0119 produkt\u00f3w (funkcjonalno\u015b\u0107, patenty) Opisz plan rozwoju produktu 09Model biznesowy Spos\u00f3b monetyzacji Strategia cenowa \u015arednia sprzeda\u017c na jednego klienta Spos\u00f3b dystrybucji Marketing 10Finanse Rachunek zysk\u00f3w i strat Cash flow Oczekiwana wielko\u015b\u0107 inwestycji 11Rozw\u00f3j i wyzwania Na jakim etapie rozwoju znajduje si\u0119 projekt Jakie s\u0105 3 najwi\u0119ksze przeszkody w dalszym rozwoju","protected":false},"author":1,"featured_media":0,"parent":0,"menu_order":0,"comment_status":"closed","ping_status":"closed","template":"","meta":[],"yoast_head":"<!-- This site is optimized with the Yoast SEO plugin v16.6.1 - https:\/\/yoast.com\/wordpress\/plugins\/seo\/ -->\n<title>Kontakt Xevin Investments \u2013 fundusz venture capital w Polsce<\/title>\n<meta name=\"description\" content=\"Potrzebujesz wsparcia? Skontaktuj si\u0119 z nami. Wype\u0142nij formularz kontaktowy a my skontaktujemy si\u0119 z Tob\u0105.\" \/>\n<meta name=\"robots\" content=\"index, follow, max-snippet:-1, max-image-preview:large, max-video-preview:-1\" \/>\n<link rel=\"canonical\" href=\"https:\/\/www.xevin.eu\/en\/contact\/\" \/>\n<meta property=\"og:locale\" content=\"en_GB\" \/>\n<meta property=\"og:type\" content=\"article\" \/>\n<meta property=\"og:title\" content=\"Kontakt Xevin Investments \u2013 fundusz venture capital w Polsce\" \/>\n<meta property=\"og:description\" content=\"Potrzebujesz wsparcia? Skontaktuj si\u0119 z nami. Wype\u0142nij formularz kontaktowy a my skontaktujemy si\u0119 z Tob\u0105.\" \/>\n<meta property=\"og:url\" content=\"https:\/\/www.xevin.eu\/en\/contact\/\" \/>\n<meta property=\"og:site_name\" content=\"Xevin Investments - fundusz venture capital\" \/>\n<meta property=\"article:modified_time\" content=\"2024-10-25T10:45:11+00:00\" \/>\n<meta name=\"twitter:card\" content=\"summary_large_image\" \/>\n<meta name=\"twitter:label1\" content=\"Est. reading time\" \/>\n\t<meta name=\"twitter:data1\" content=\"3 minutes\" \/>\n<script type=\"application\/ld+json\" class=\"yoast-schema-graph\">{\"@context\":\"https:\/\/schema.org\",\"@graph\":[{\"@type\":\"WebSite\",\"@id\":\"https:\/\/www.xevin.eu\/#website\",\"url\":\"https:\/\/www.xevin.eu\/\",\"name\":\"Xevin Investments - fundusz venture capital\",\"description\":\"Jeste\\u015bmy funduszem venture capital specjalizuj\\u0105cym si\\u0119 w nowych mediach, technologiach, Internecie i telekomunikacji.\",\"potentialAction\":[{\"@type\":\"SearchAction\",\"target\":{\"@type\":\"EntryPoint\",\"urlTemplate\":\"https:\/\/www.xevin.eu\/?s={search_term_string}\"},\"query-input\":\"required name=search_term_string\"}],\"inLanguage\":\"en-GB\"},{\"@type\":\"WebPage\",\"@id\":\"https:\/\/www.xevin.eu\/contact\/#webpage\",\"url\":\"https:\/\/www.xevin.eu\/contact\/\",\"name\":\"Kontakt Xevin Investments \\u2013 fundusz venture capital w Polsce\",\"isPartOf\":{\"@id\":\"https:\/\/www.xevin.eu\/#website\"},\"datePublished\":\"2017-08-08T08:10:12+00:00\",\"dateModified\":\"2024-10-25T10:45:11+00:00\",\"description\":\"Potrzebujesz wsparcia? Skontaktuj si\\u0119 z nami. Wype\\u0142nij formularz kontaktowy a my skontaktujemy si\\u0119 z Tob\\u0105.\",\"breadcrumb\":{\"@id\":\"https:\/\/www.xevin.eu\/contact\/#breadcrumb\"},\"inLanguage\":\"en-GB\",\"potentialAction\":[{\"@type\":\"ReadAction\",\"target\":[\"https:\/\/www.xevin.eu\/contact\/\"]}]},{\"@type\":\"BreadcrumbList\",\"@id\":\"https:\/\/www.xevin.eu\/contact\/#breadcrumb\",\"itemListElement\":[{\"@type\":\"ListItem\",\"position\":1,\"name\":\"Strona g\\u0142\\u00f3wna\",\"item\":\"https:\/\/www.xevin.eu\/\"},{\"@type\":\"ListItem\",\"position\":2,\"name\":\"Kontakt Xevin Investments\"}]}]}<\/script>\n<!-- \/ Yoast SEO plugin. -->","_links":{"self":[{"href":"https:\/\/www.xevin.eu\/en\/wp-json\/wp\/v2\/pages\/5575"}],"collection":[{"href":"https:\/\/www.xevin.eu\/en\/wp-json\/wp\/v2\/pages"}],"about":[{"href":"https:\/\/www.xevin.eu\/en\/wp-json\/wp\/v2\/types\/page"}],"author":[{"embeddable":true,"href":"https:\/\/www.xevin.eu\/en\/wp-json\/wp\/v2\/users\/1"}],"replies":[{"embeddable":true,"href":"https:\/\/www.xevin.eu\/en\/wp-json\/wp\/v2\/comments?post=5575"}],"version-history":[{"count":48,"href":"https:\/\/www.xevin.eu\/en\/wp-json\/wp\/v2\/pages\/5575\/revisions"}],"predecessor-version":[{"id":21724,"href":"https:\/\/www.xevin.eu\/en\/wp-json\/wp\/v2\/pages\/5575\/revisions\/21724"}],"wp:attachment":[{"href":"https:\/\/www.xevin.eu\/en\/wp-json\/wp\/v2\/media?parent=5575"}],"curies":[{"name":"wp","href":"https:\/\/api.w.org\/{rel}","templated":true}]}}