{"id":21707,"date":"2023-09-26T22:34:03","date_gmt":"2023-09-26T20:34:03","guid":{"rendered":"https:\/\/www.xevin.eu\/?page_id=21707"},"modified":"2025-01-26T18:12:15","modified_gmt":"2025-01-26T17:12:15","slug":"sfdr","status":"publish","type":"page","link":"https:\/\/www.xevin.eu\/en\/sfdr\/","title":{"rendered":"SFDR Xevin Investments"},"content":{"rendered":"<section data-vc-full-width=\"true\" data-vc-full-width-init=\"false\" class=\"vc_row wpb_row vc_row-fluid   pofo-stretch-content pofo-stretch-row-container\"><div class=\"wpb_column vc_column_container vc_col-sm-12 vc_col-lg-offset-2 vc_col-lg-8 col-xs-mobile-fullwidth text-justify\"><div class=\"vc_column-inner\"><div class=\"wpb_wrapper\"><div class=\"last-paragraph-no-margin\"><p style=\"text-align: center;\"><strong>Ujawnienia dokonywane przez Xevin Investments ASI sp. z o.o. na poziomie zarz\u0105dzaj\u0105cego ASI dotycz\u0105ce zr\u00f3wnowa\u017conego rozwoju<\/strong><\/p>\n<p>Niniejsze o\u015bwiadczenie stanowi realizacj\u0119 wymog\u00f3w przewidzianych Rozporz\u0105dzeniem Parlamentu Europejskiego i Rady (UE) 2019\/2088 z dnia 27 listopada 2019 r. w sprawie ujawniania informacji zwi\u0105zanych ze zr\u00f3wnowa\u017conym rozwojem w sektorze us\u0142ug finansowych (Dz. U.UE. L. z 2019 r. Nr 317, str. 1 z p\u00f3\u017an. zm.; dalej r\u00f3wnie\u017c jako: \u201eSFDR\u201d, \u201eRozporz\u0105dzenie SFDR\u201d, \u201eRozporz\u0105dzenie\u201d).<\/p>\n<p>Na gruncie Rozporz\u0105dzenia SFDR zarz\u0105dzaj\u0105cy ASI (dalej r\u00f3wnie\u017c jako: \u201eZASI\u201d) kwalifikowany jest jako uczestnik rynku finansowego, a alternatywna sp\u00f3\u0142ka inwestycyjna (dalej r\u00f3wnie\u017c jako: \u201eASI\u201d) stanowi produkt finansowy.<\/p>\n<p><strong>Informacja o strategiach dotycz\u0105cych wprowadzania do dzia\u0142alno\u015bci ryzyk dla <\/strong><strong>zr\u00f3wnowa\u017conego rozwoju w procesie podejmowania decyzji inwestycyjnych<\/strong><\/p>\n<p><strong>(Poni\u017csze o\u015bwiadczenie stanowi realizacj\u0119 wymog\u00f3w przewidzianych w art. 3 SFDR)<\/strong><\/p>\n<p>Rozporz\u0105dzenie SFDR w art. 3 ust. 1 wymaga od uczestnik\u00f3w rynku finansowego opublikowania na stronie internetowej strategii wprowadzania do dzia\u0142alno\u015bci ryzyk dla zr\u00f3wnowa\u017conego rozwoju w procesie podejmowania decyzji inwestycyjnych.<\/p>\n<p>Zgodnie z postanowieniami art. 2 pkt 22 SFDR ryzyko dla zr\u00f3wnowa\u017conego rozwoju oznacza sytuacj\u0119 lub warunki \u015brodowiskowe, spo\u0142eczne lub zwi\u0105zane z zarz\u0105dzaniem, kt\u00f3re \u2013 je\u017celi wyst\u0105pi\u0105 \u2013 mog\u0142yby mie\u0107, rzeczywisty lub potencjalny, istotny negatywny wp\u0142yw na warto\u015b\u0107 inwestycji.<\/p>\n<p><em>ZASI nie posiada strategii dotycz\u0105cej wprowadzania do dzia\u0142alno\u015bci ryzyk dla zr\u00f3wnowa\u017conego rozwoju w procesie podejmowania decyzji inwestycyjnych. Przez powy\u017csze nale\u017cy rozumie\u0107 brak wdro\u017cenia przez ZASI odr\u0119bnego, wydzielonego dokumentu, adresuj\u0105cego wprost zagadnienie ryzyk dla zr\u00f3wnowa\u017conego rozwoju.<\/em><\/p>\n<p>ZASI nie wy\u0142\u0105cza mo\u017cliwo\u015bci opracowania strategii dotycz\u0105cej wprowadzania do dzia\u0142alno\u015bci ryzyk dla zr\u00f3wnowa\u017conego rozwoju w procesie podejmowania decyzji inwestycyjnych w przysz\u0142o\u015bci, co wi\u0105za\u0107 si\u0119 b\u0119dzie z aktualizacj\u0105 niniejszego o\u015bwiadczenia.<\/p>\n<p><strong>Przy podejmowaniu decyzji inwestycyjnych nie bierze si\u0119 pod uwag\u0119 ich niekorzystnych skutk\u00f3w dla czynnik\u00f3w zr\u00f3wnowa\u017conego rozwoju<\/strong><\/p>\n<p><strong>(Poni\u017csze o\u015bwiadczenie stanowi realizacj\u0119 wymog\u00f3w przewidzianych w art. 4 SFDR)<\/strong><\/p>\n<p>Z uwagi na skal\u0119 prowadzonej dzia\u0142alno\u015bci, a tak\u017ce jej charakter, kt\u00f3ry wi\u0105\u017ce si\u0119 w g\u0142\u00f3wnej mierze z inwestowaniem na rynku niepublicznym, ZASI nie bierze obecnie pod uwag\u0119 g\u0142\u00f3wnych niekorzystnych skutk\u00f3w decyzji inwestycyjnych dla czynnik\u00f3w zr\u00f3wnowa\u017conego rozwoju. Powodem maj\u0105cym wp\u0142yw na decyzj\u0119 ZASI w zakresie nieuwzgl\u0119dniania g\u0142\u00f3wnych niekorzystnych skutk\u00f3w decyzji inwestycyjnych dla czynnik\u00f3w zr\u00f3wnowa\u017conego rozwoju w ramach wykonywanej dzia\u0142alno\u015bci jest identyfikowany przez ZASI brak danych lub w niekt\u00f3rych przypadkach istotnie ograniczony ich zakres wymagany do analizy w przypadku deklarowania uwzgl\u0119dnienia g\u0142\u00f3wnych niekorzystnych skutk\u00f3w decyzji inwestycyjnych dla czynnik\u00f3w zr\u00f3wnowa\u017conego rozwoju, a tak\u017ce wysoki poziom koszt\u00f3w wymagany do poniesienia zwi\u0105zany w szczeg\u00f3lno\u015bci z konieczno\u015bci\u0105 zaanga\u017cowania zewn\u0119trznych doradc\u00f3w. Z powy\u017cszych wzgl\u0119d\u00f3w ZASI nie zamierza bra\u0107 pod uwag\u0119 g\u0142\u00f3wnych niekorzystnych skutk\u00f3w w przysz\u0142o\u015bci.<\/p>\n<p><strong>Informacja o sposobie zapewniania sp\u00f3jno\u015bci polityki wynagrodze\u0144 z wprowadzaniem do<\/strong><br \/>\n<strong>dzia\u0142alno\u015bci ryzyk dla zr\u00f3wnowa\u017conego rozwoju<\/strong><\/p>\n<p><strong>(Poni\u017csze o\u015bwiadczenie stanowi realizacj\u0119 wymog\u00f3w przewidzianych w art. 5 SFDR)<\/strong><\/p>\n<p>ZASI, jako podmiot, o kt\u00f3rym mowa w art. 3 ust. 2 Dyrektywy Parlamentu Europejskiego i Rady 2011\/61\/UE z dnia 8 czerwca 2011 r. w sprawie zarz\u0105dzaj\u0105cych alternatywnymi funduszami inwestycyjnymi i zmiany dyrektyw 2003\/41\/WE i 2009\/65\/WE oraz rozporz\u0105dze\u0144 (WE) nr 1060\/2009 i (UE) nr 1095\/2010, nie jest zobowi\u0105zany do przyj\u0119cia polityki wynagrodze\u0144, o kt\u00f3rej mowa w art. 13 tej dyrektywy.<\/p>\n<p>Osoby, do kt\u00f3rych zada\u0144 nale\u017c\u0105 czynno\u015bci istotnie wp\u0142ywaj\u0105ce na profil ryzyka ZASI lub ASI z tytu\u0142u<br \/>\npe\u0142nionych przez siebie funkcji nie pobieraj\u0105 wynagrodze\u0144.<\/p>\n<p><strong>Niniejsza informacja zosta\u0142a zaktualizowana w dniu 16 stycznia 2025 r., w celu dostosowania <\/strong><strong>zakresu ujawnianych w niej danych do wytycznych zawartych w tre\u015bci Informacji UKNF w <\/strong><strong>sprawie obowi\u0105zk\u00f3w zarz\u0105dzaj\u0105cych ASI wykonuj\u0105cych dzia\u0142alno\u015b\u0107 na podstawie wpisu do <\/strong><strong>rejestru zarz\u0105dzaj\u0105cych ASI zwi\u0105zanych z ujawnieniami dotycz\u0105cymi zr\u00f3wnowa\u017conego <\/strong><strong>rozwoju. Archiwalna tre\u015b\u0107 ujawnienia dost\u0119pna jest pod adresem www.xevin.eu\/archiwum.<\/strong><\/p>\n<\/div><div class=\"vc_separator wpb_content_element vc_separator_align_center vc_sep_width_100 vc_sep_pos_align_center vc_separator_no_text vc_sep_color_grey vc_custom_1697456100661  vc_custom_1697456100661\" ><span class=\"vc_sep_holder vc_sep_holder_l\"><span  class=\"vc_sep_line\"><\/span><\/span><span class=\"vc_sep_holder vc_sep_holder_r\"><span  class=\"vc_sep_line\"><\/span><\/span>\n<\/div><div class=\"last-paragraph-no-margin\"><h4>ARCHIWUM<\/h4>\n<p id=\"SFDR\" class=\"p1\"><span class=\"s1\"><b>Informacja w zakresie SFDR<\/b><\/span><\/p>\n<p>tre\u015b\u0107 obowi\u0105zuj\u0105ca do 16.01.2025<\/p>\n<p><strong>Ujawnienia dokonywane przez Xevin Investments ASI sp. z o.o. na poziomie zarz\u0105dzaj\u0105cego<\/strong><\/p>\n<p>ASI dotycz\u0105ce zr\u00f3wnowa\u017conego rozwoju<\/p>\n<p>Niniejsze o\u015bwiadczenie stanowi realizacj\u0119 wymog\u00f3w przewidzianych Rozporz\u0105dzeniem Parlamentu Europejskiego i Rady (UE) 2019\/2088 z dnia 27 listopada 2019 r. w sprawie ujawniania informacji zwi\u0105zanych ze zr\u00f3wnowa\u017conym rozwojem w sektorze us\u0142ug finansowych (Dz. U.UE. L. z 2019 r. Nr 317, str. 1 z p\u00f3\u017an. zm.; dalej r\u00f3wnie\u017c jako: \u201eSFDR\u201d, \u201eRozporz\u0105dzenie SFDR\u201d, \u201eRozporz\u0105dzenie\u201d).<\/p>\n<p>Na gruncie Rozporz\u0105dzenia SFDR zarz\u0105dzaj\u0105cy ASI (dalej r\u00f3wnie\u017c jako: \u201eZASI\u201d) kwalifikowany jest jako uczestnik rynku finansowego, a alternatywna sp\u00f3\u0142ka inwestycyjna (dalej r\u00f3wnie\u017c jako: \u201eASI\u201d) stanowi produkt finansowy.<\/p>\n<p><strong>Informacja o strategiach dotycz\u0105cych wprowadzania do dzia\u0142alno\u015bci ryzyk dla <\/strong><strong>zr\u00f3wnowa\u017conego rozwoju w procesie podejmowania decyzji inwestycyjnych<\/strong><\/p>\n<p>Rozporz\u0105dzenie SFDR w art. 3 ust. 1 wymaga od uczestnik\u00f3w rynku finansowego opublikowania na stronie internetowej strategii wprowadzania do dzia\u0142alno\u015bci ryzyk dla zr\u00f3wnowa\u017conego rozwoju w procesie podejmowania decyzji inwestycyjnych.<\/p>\n<p>Zgodnie z postanowieniami art. 2 pkt 22 SFDR ryzyko dla zr\u00f3wnowa\u017conego rozwoju oznacza sytuacj\u0119 lub warunki \u015brodowiskowe, spo\u0142eczne lub zwi\u0105zane z zarz\u0105dzaniem, kt\u00f3re \u2013 je\u017celi wyst\u0105pi\u0105 \u2013 mog\u0142yby mie\u0107, rzeczywisty lub potencjalny, istotny negatywny wp\u0142yw na warto\u015b\u0107 inwestycji.<\/p>\n<p>ZASI nie posiada strategii dotycz\u0105cej wprowadzania do dzia\u0142alno\u015bci ryzyk dla zr\u00f3wnowa\u017conego rozwoju w procesie podejmowania decyzji inwestycyjnych. Ryzyka dla zr\u00f3wnowa\u017conego rozwoju rozumiane jako ryzyka zdarze\u0144 lub stan\u00f3w zwi\u0105zanych ze \u015brodowiskiem, spo\u0142eczn\u0105 odpowiedzialno\u015bci\u0105 lub \u0142adem korporacyjnym, kt\u00f3re \u2013 je\u017celi wyst\u0105pi\u0142yby mog\u0142yby mie\u0107 rzeczywisty lub potencjalny, istotny negatywny wp\u0142yw na warto\u015b\u0107 inwestycji poprzez oddzia\u0142ywanie na inne czynniki ryzyka mog\u0105 by\u0107 brane po\u015brednio pod uwag\u0119 przy podejmowaniu poszczeg\u00f3lnych decyzji inwestycyjnych.<\/p>\n<p>ZASI nie wy\u0142\u0105cza mo\u017cliwo\u015bci opracowania strategii dotycz\u0105cej wprowadzania do dzia\u0142alno\u015bci ryzyk dla zr\u00f3wnowa\u017conego rozwoju w procesie podejmowania decyzji inwestycyjnych w przysz\u0142o\u015bci, co wi\u0105za\u0107 si\u0119 b\u0119dzie z aktualizacj\u0105 niniejszego o\u015bwiadczenia.<\/p>\n<p><strong>Przy podejmowaniu decyzji inwestycyjnych nie bierze si\u0119 pod uwag\u0119 ich niekorzystnych <\/strong><strong>skutk\u00f3w dla czynnik\u00f3w zr\u00f3wnowa\u017conego rozwoju<\/strong><\/p>\n<p>Z uwagi na skal\u0119 prowadzonej dzia\u0142alno\u015bci, a tak\u017ce jej charakter, kt\u00f3ry wi\u0105\u017ce si\u0119 w g\u0142\u00f3wnej mierze z inwestowaniem na rynku niepublicznym, ZASI nie bierze obecnie pod uwag\u0119 g\u0142\u00f3wnych niekorzystnych skutk\u00f3w decyzji inwestycyjnych dla czynnik\u00f3w zr\u00f3wnowa\u017conego rozwoju. Powodem maj\u0105cym wp\u0142yw na decyzj\u0119 ZASI w zakresie nieuwzgl\u0119dniania g\u0142\u00f3wnych niekorzystnych skutk\u00f3w decyzji inwestycyjnych dla czynnik\u00f3w zr\u00f3wnowa\u017conego rozwoju w ramach wykonywanej dzia\u0142alno\u015bci jest identyfikowany przez ZASI brak danych lub w niekt\u00f3rych przypadkach istotnie ograniczony ich zakres wymagany do analizy w przypadku deklarowania uwzgl\u0119dnienia g\u0142\u00f3wnych niekorzystnych skutk\u00f3w decyzji inwestycyjnych dla czynnik\u00f3w zr\u00f3wnowa\u017conego rozwoju, a tak\u017ce wysoki poziom koszt\u00f3w wymagany do poniesienia zwi\u0105zany w szczeg\u00f3lno\u015bci z konieczno\u015bci\u0105 zaanga\u017cowania zewn\u0119trznych<br \/>\ndoradc\u00f3w, w przypadku zmiany prezentowanego przez ZASI podej\u015bcia do nieuwzgl\u0119dniania uwag\u0119 g\u0142\u00f3wnych niekorzystnych skutk\u00f3w decyzji inwestycyjnych dla czynnik\u00f3w zr\u00f3wnowa\u017conego rozwoju.<\/p>\n<p><strong>Informacja o sposobie zapewniania sp\u00f3jno\u015bci polityki wynagrodze\u0144 z wprowadzaniem do <\/strong><strong>dzia\u0142alno\u015bci ryzyk dla zr\u00f3wnowa\u017conego rozwoju<\/strong><\/p>\n<p>ZASI, jako podmiot, o kt\u00f3rym mowa w art. 3 ust. 2 Dyrektywy Parlamentu Europejskiego i Rady 2011\/61\/UE z dnia 8 czerwca 2011 r. w sprawie zarz\u0105dzaj\u0105cych alternatywnymi funduszami inwestycyjnymi i zmiany dyrektyw 2003\/41\/WE i 2009\/65\/WE oraz rozporz\u0105dze\u0144 (WE) nr 1060\/2009 i (UE) nr 1095\/2010, nie jest zobowi\u0105zany do przyj\u0119cia polityki wynagrodze\u0144, o kt\u00f3rej mowa w art. 13 tej dyrektywy.<\/p>\n<p>Osoby, do kt\u00f3rych zada\u0144 nale\u017c\u0105 czynno\u015bci istotnie wp\u0142ywaj\u0105ce na profil ryzyka ZASI lub ASI z tytu\u0142u pe\u0142nionych przez siebie funkcji nie pobieraj\u0105 wynagrodze\u0144.<\/p>\n<p><strong>Niniejsza informacja zosta\u0142a zaktualizowana w dniu 22 wrze\u015bnia 2023 r., w celu dostosowania <\/strong><strong>zakresu ujawnianych w niej danych do wytycznych zawartych w tre\u015bci Informacji UKNF w <\/strong><strong>sprawie obowi\u0105zk\u00f3w zarz\u0105dzaj\u0105cych ASI wykonuj\u0105cych dzia\u0142alno\u015b\u0107 na podstawie wpisu do <\/strong><strong>rejestru zarz\u0105dzaj\u0105cych ASI zwi\u0105zanych z ujawnieniami dotycz\u0105cymi zr\u00f3wnowa\u017conego <\/strong><strong>rozwoju.<\/strong><\/p>\n<p>&nbsp;<\/p>\n<p>tre\u015b\u0107 obowi\u0105zuj\u0105ca do 22.09.2023<\/p>\n<p class=\"p1\"><span class=\"s1\"><b>Zr\u00f3wnowa\u017cony rozw\u00f3j <\/b><\/span><\/p>\n<p class=\"p1\"><span class=\"s1\">Rozporz\u0105dzenie Parlamentu Europejskiego i Rady (UE) 2019\/2088 z dnia 27 listopada 2019 r. w sprawie ujawniania informacji zwi\u0105zanych ze zr\u00f3wnowa\u017conym rozwojem w sektorze us\u0142ug finansowych (Dz. Urz. UE L 317 z 9.12.2019 , str. 1; dalej r\u00f3wnie\u017c jako: \u201eSFDR\u201d, \u201eRozporz\u0105dzenie SFDR\u201d, \u201eRozporz\u0105dzenie\u201d) wesz\u0142o w \u017cycie 29 grudnia 2019 r. <\/span><\/p>\n<p class=\"p1\"><span class=\"s1\">Akt ten ustanawia<span class=\"Apple-converted-space\">\u00a0 <\/span>zharmonizowane przepisy dla uczestnik\u00f3w rynku finansowego i doradc\u00f3w finansowych dotycz\u0105ce przejrzysto\u015bci w odniesieniu do wprowadzania do dzia\u0142alno\u015bci ryzyk dla zr\u00f3wnowa\u017conego rozwoju oraz brania pod uwag\u0119 niekorzystnych skutk\u00f3w dla zr\u00f3wnowa\u017conego rozwoju w prowadzonych przez nich dzia\u0142aniach, a tak\u017ce w odniesieniu do przedstawiania przez nich informacji zwi\u0105zanych ze zr\u00f3wnowa\u017conym rozwojem na temat produkt\u00f3w finansowych.<\/span><\/p>\n<p class=\"p2\"><span class=\"s1\">Na gruncie Rozporz\u0105dzenia SFDR sp\u00f3\u0142ka Xevin Investments Alternatywna Sp\u00f3\u0142ka Inwestycyjna sp. z o.o. (dalej r\u00f3wnie\u017c jako: \u201eXevin\u201d) kwalifikowana jest jako uczestnik rynku finansowego oraz produkt finansowy. <\/span><\/p>\n<p class=\"p2\"><span class=\"s2\"><b>Przejrzysto\u015b\u0107 strategii dotycz\u0105cych ryzyka dla zr\u00f3wnowa\u017conego rozwoju<\/b><\/span><\/p>\n<p class=\"p2\"><span class=\"s1\">Rozporz\u0105dzenie SFDR w art. 3 ust. 1 wymaga od uczestnik\u00f3w rynku finansowego opublikowania na stronie internetowej strategii wprowadzania do dzia\u0142alno\u015bci ryzyk dla zr\u00f3wnowa\u017conego rozwoju w procesie podejmowania decyzji inwestycyjnych. <\/span><\/p>\n<p class=\"p2\"><span class=\"s1\">Przez ryzyka dla zr\u00f3wnowa\u017conego rozwoju, zgodnie z postanowieniami art. 2 pkt 22 SFDR, nale\u017cy rozumie\u0107 sytuacje lub warunki \u015brodowiskowe, spo\u0142eczne lub zwi\u0105zane z zarz\u0105dzaniem, kt\u00f3re \u2013 je\u017celi wyst\u0105pi\u0105 \u2013 mog\u0142yby mie\u0107, rzeczywisty lub potencjalny, istotny negatywny wp\u0142yw na warto\u015b\u0107 inwestycji.<\/span><\/p>\n<p class=\"p2\"><span class=\"s1\">Xevin nie posiada strategii dotycz\u0105cej wprowadzania do dzia\u0142alno\u015bci ryzyk dla zr\u00f3wnowa\u017conego rozwoju w procesie podejmowania decyzji inwestycyjnych. <\/span><\/p>\n<p class=\"p2\"><span class=\"s1\">Standardowo, przed podj\u0119ciem decyzji inwestycyjnej zwi\u0105zanej z nabyciem instrument\u00f3w udzia\u0142owych danego podmiotu, Xevin przeprowadza due diligence, kt\u00f3rego celem jest kompleksowa analiza przedsi\u0119biorstwa. W ramach badania, weryfikacji podlegaj\u0105 m.in. obszar \u0142adu korporacyjnego oraz spraw pracowniczych. Wyniki due diligence mog\u0105 skutkowa\u0107 rekomendowaniem wprowadzenia dzia\u0142a\u0144 naprawczych, kt\u00f3rych realizacja mo\u017ce warunkowa\u0107 dokonanie inwestycji. <\/span><\/p>\n<p class=\"p2\"><span class=\"s1\">Xevin nie wy\u0142\u0105cza mo\u017cliwo\u015bci opracowania strategii dotycz\u0105cej wprowadzania do dzia\u0142alno\u015bci ryzyk dla zr\u00f3wnowa\u017conego rozwoju w procesie podejmowania decyzji inwestycyjnych w przysz\u0142o\u015bci, co wi\u0105za\u0107 si\u0119 b\u0119dzie z aktualizacj\u0105 niniejszego o\u015bwiadczenia. <\/span><\/p>\n<p class=\"p2\"><span class=\"s1\"><b>Przejrzysto\u015b\u0107 w zakresie niekorzystnych skutk\u00f3w dla zr\u00f3wnowa\u017conego rozwoju na poziomie podmiotu<\/b><\/span><\/p>\n<p class=\"p2\"><span class=\"s1\">Z uwagi na charakter prowadzonej dzia\u0142alno\u015bci, kt\u00f3ry wi\u0105\u017ce si\u0119 z inwestowaniem w instrumenty udzia\u0142owe podmiot\u00f3w nienotowanych, Xevin nie bierze obecnie pod uwag\u0119 g\u0142\u00f3wnych niekorzystnych skutk\u00f3w decyzji inwestycyjnych dla czynnik\u00f3w zr\u00f3wnowa\u017conego rozwoju. <\/span><\/p>\n<p class=\"p2\"><span class=\"s1\"><b>Przejrzysto\u015b\u0107 polityki wynagrodze\u0144 w zwi\u0105zku z wprowadzaniem do dzia\u0142alno\u015bci ryzyk dla zr\u00f3wnowa\u017conego rozwoju<\/b><\/span><\/p>\n<p class=\"p2\"><span class=\"s1\">Xevin, jako podmiot, o kt\u00f3rym mowa w art. 3 ust. 2 Dyrektywy Parlamentu Europejskiego i\u00a0Rady 2011\/61\/UE z\u00a0dnia 8\u00a0czerwca 2011\u00a0r. w\u00a0sprawie zarz\u0105dzaj\u0105cych alternatywnymi funduszami inwestycyjnymi i\u00a0zmiany dyrektyw 2003\/41\/WE i\u00a02009\/65\/WE oraz rozporz\u0105dze\u0144 (WE) nr\u00a01060\/2009 i\u00a0(UE) nr\u00a01095\/2010, nie jest zobowi\u0105zany do przyj\u0119cia polityki wynagrodze\u0144, o kt\u00f3rej mowa w art. 23 ust. 1 tej dyrektywy. Z powy\u017cszych wzgl\u0119d\u00f3w, a tak\u017ce z uwagi na brak strategii dotycz\u0105cej wprowadzania do dzia\u0142alno\u015bci ryzyk dla zr\u00f3wnowa\u017conego rozwoju w procesie podejmowania decyzji inwestycyjnych, Xevin nie zapewnia sp\u00f3jno\u015bci polityki wynagrodze\u0144 z wprowadzaniem do dzia\u0142alno\u015bci ryzyk dla zr\u00f3wnowa\u017conego rozwoju. <\/span><\/p>\n<\/div><\/div><\/div><\/div><\/section><div class=\"vc_row-full-width vc_clearfix\"><\/div>","protected":false},"excerpt":{"rendered":"Ujawnienia dokonywane przez Xevin Investments ASI sp. z o.o. na poziomie zarz\u0105dzaj\u0105cego ASI dotycz\u0105ce zr\u00f3wnowa\u017conego rozwoju Niniejsze o\u015bwiadczenie stanowi realizacj\u0119 wymog\u00f3w przewidzianych Rozporz\u0105dzeniem Parlamentu Europejskiego i Rady (UE) 2019\/2088 z dnia 27 listopada 2019 r. w sprawie ujawniania informacji zwi\u0105zanych ze zr\u00f3wnowa\u017conym rozwojem w sektorze us\u0142ug finansowych (Dz. U.UE. L. z 2019 r. Nr 317, str. 1 z p\u00f3\u017an. zm.; dalej r\u00f3wnie\u017c jako: \u201eSFDR\u201d, \u201eRozporz\u0105dzenie SFDR\u201d, \u201eRozporz\u0105dzenie\u201d). Na gruncie Rozporz\u0105dzenia SFDR zarz\u0105dzaj\u0105cy ASI (dalej r\u00f3wnie\u017c jako: \u201eZASI\u201d) kwalifikowany jest jako uczestnik rynku finansowego, a alternatywna sp\u00f3\u0142ka inwestycyjna (dalej r\u00f3wnie\u017c jako: \u201eASI\u201d) stanowi produkt finansowy. Informacja o strategiach dotycz\u0105cych wprowadzania do dzia\u0142alno\u015bci ryzyk dla zr\u00f3wnowa\u017conego rozwoju w procesie podejmowania decyzji inwestycyjnych (Poni\u017csze o\u015bwiadczenie stanowi realizacj\u0119 wymog\u00f3w przewidzianych w art. 3 SFDR) Rozporz\u0105dzenie SFDR w art. 3 ust. 1 wymaga od uczestnik\u00f3w rynku finansowego opublikowania na stronie internetowej strategii wprowadzania do dzia\u0142alno\u015bci ryzyk dla zr\u00f3wnowa\u017conego rozwoju w procesie podejmowania decyzji inwestycyjnych. Zgodnie z postanowieniami art. 2 pkt 22 SFDR ryzyko dla zr\u00f3wnowa\u017conego rozwoju oznacza sytuacj\u0119 lub warunki \u015brodowiskowe, spo\u0142eczne lub zwi\u0105zane z zarz\u0105dzaniem, kt\u00f3re \u2013 je\u017celi wyst\u0105pi\u0105 \u2013 mog\u0142yby mie\u0107, rzeczywisty lub potencjalny, istotny negatywny wp\u0142yw na warto\u015b\u0107 inwestycji. ZASI nie posiada strategii dotycz\u0105cej wprowadzania do dzia\u0142alno\u015bci ryzyk dla zr\u00f3wnowa\u017conego rozwoju w...","protected":false},"author":1,"featured_media":0,"parent":0,"menu_order":0,"comment_status":"closed","ping_status":"closed","template":"","meta":[],"yoast_head":"<!-- This site is optimized with the Yoast SEO plugin v16.6.1 - https:\/\/yoast.com\/wordpress\/plugins\/seo\/ -->\n<title>Zesp\u00f3\u0142 Xevin Investments \u2013 fundusz venture capital w Polsce<\/title>\n<meta name=\"description\" content=\"Nasz Zesp\u00f3\u0142 sk\u0142ada si\u0119 do\u015bwiadczonych specjalist\u00f3w dla kt\u00f3rych ka\u017cdy klient jest osob\u0105 o kluczowym znaczeniu. Poznaj ka\u017cdego z nas.\" \/>\n<meta name=\"robots\" content=\"index, follow, max-snippet:-1, max-image-preview:large, max-video-preview:-1\" \/>\n<link rel=\"canonical\" href=\"https:\/\/www.xevin.eu\/en\/sfdr\/\" \/>\n<meta property=\"og:locale\" content=\"en_GB\" \/>\n<meta property=\"og:type\" content=\"article\" \/>\n<meta property=\"og:title\" content=\"Zesp\u00f3\u0142 Xevin Investments \u2013 fundusz venture capital w Polsce\" \/>\n<meta property=\"og:description\" content=\"Nasz Zesp\u00f3\u0142 sk\u0142ada si\u0119 do\u015bwiadczonych specjalist\u00f3w dla kt\u00f3rych ka\u017cdy klient jest osob\u0105 o kluczowym znaczeniu. Poznaj ka\u017cdego z nas.\" \/>\n<meta property=\"og:url\" content=\"https:\/\/www.xevin.eu\/en\/sfdr\/\" \/>\n<meta property=\"og:site_name\" content=\"Xevin Investments - fundusz venture capital\" \/>\n<meta property=\"article:modified_time\" content=\"2025-01-26T17:12:15+00:00\" \/>\n<meta name=\"twitter:card\" content=\"summary_large_image\" \/>\n<meta name=\"twitter:label1\" content=\"Est. reading time\" \/>\n\t<meta name=\"twitter:data1\" content=\"7 minutes\" \/>\n<script type=\"application\/ld+json\" class=\"yoast-schema-graph\">{\"@context\":\"https:\/\/schema.org\",\"@graph\":[{\"@type\":\"WebSite\",\"@id\":\"https:\/\/www.xevin.eu\/#website\",\"url\":\"https:\/\/www.xevin.eu\/\",\"name\":\"Xevin Investments - fundusz venture capital\",\"description\":\"Jeste\\u015bmy funduszem venture capital specjalizuj\\u0105cym si\\u0119 w nowych mediach, technologiach, Internecie i telekomunikacji.\",\"potentialAction\":[{\"@type\":\"SearchAction\",\"target\":{\"@type\":\"EntryPoint\",\"urlTemplate\":\"https:\/\/www.xevin.eu\/?s={search_term_string}\"},\"query-input\":\"required name=search_term_string\"}],\"inLanguage\":\"en-GB\"},{\"@type\":\"WebPage\",\"@id\":\"https:\/\/www.xevin.eu\/sfdr\/#webpage\",\"url\":\"https:\/\/www.xevin.eu\/sfdr\/\",\"name\":\"Zesp\\u00f3\\u0142 Xevin Investments \\u2013 fundusz venture capital w Polsce\",\"isPartOf\":{\"@id\":\"https:\/\/www.xevin.eu\/#website\"},\"datePublished\":\"2023-09-26T20:34:03+00:00\",\"dateModified\":\"2025-01-26T17:12:15+00:00\",\"description\":\"Nasz Zesp\\u00f3\\u0142 sk\\u0142ada si\\u0119 do\\u015bwiadczonych specjalist\\u00f3w dla kt\\u00f3rych ka\\u017cdy klient jest osob\\u0105 o kluczowym znaczeniu. Poznaj ka\\u017cdego z nas.\",\"breadcrumb\":{\"@id\":\"https:\/\/www.xevin.eu\/sfdr\/#breadcrumb\"},\"inLanguage\":\"en-GB\",\"potentialAction\":[{\"@type\":\"ReadAction\",\"target\":[\"https:\/\/www.xevin.eu\/sfdr\/\"]}]},{\"@type\":\"BreadcrumbList\",\"@id\":\"https:\/\/www.xevin.eu\/sfdr\/#breadcrumb\",\"itemListElement\":[{\"@type\":\"ListItem\",\"position\":1,\"name\":\"Strona g\\u0142\\u00f3wna\",\"item\":\"https:\/\/www.xevin.eu\/\"},{\"@type\":\"ListItem\",\"position\":2,\"name\":\"SFDR Xevin Investments\"}]}]}<\/script>\n<!-- \/ Yoast SEO plugin. -->","_links":{"self":[{"href":"https:\/\/www.xevin.eu\/en\/wp-json\/wp\/v2\/pages\/21707"}],"collection":[{"href":"https:\/\/www.xevin.eu\/en\/wp-json\/wp\/v2\/pages"}],"about":[{"href":"https:\/\/www.xevin.eu\/en\/wp-json\/wp\/v2\/types\/page"}],"author":[{"embeddable":true,"href":"https:\/\/www.xevin.eu\/en\/wp-json\/wp\/v2\/users\/1"}],"replies":[{"embeddable":true,"href":"https:\/\/www.xevin.eu\/en\/wp-json\/wp\/v2\/comments?post=21707"}],"version-history":[{"count":6,"href":"https:\/\/www.xevin.eu\/en\/wp-json\/wp\/v2\/pages\/21707\/revisions"}],"predecessor-version":[{"id":21726,"href":"https:\/\/www.xevin.eu\/en\/wp-json\/wp\/v2\/pages\/21707\/revisions\/21726"}],"wp:attachment":[{"href":"https:\/\/www.xevin.eu\/en\/wp-json\/wp\/v2\/media?parent=21707"}],"curies":[{"name":"wp","href":"https:\/\/api.w.org\/{rel}","templated":true}]}}