{"id":21702,"date":"2023-09-26T22:24:22","date_gmt":"2023-09-26T20:24:22","guid":{"rendered":"https:\/\/www.xevin.eu\/?page_id=21702"},"modified":"2023-10-16T13:45:20","modified_gmt":"2023-10-16T11:45:20","slug":"dla-inwestorow","status":"publish","type":"page","link":"https:\/\/www.xevin.eu\/en\/dla-inwestorow\/","title":{"rendered":"For Investors Xevin Investments"},"content":{"rendered":"<section class=\"vc_row wpb_row vc_row-fluid\"><div class=\"wpb_column vc_column_container vc_col-sm-12 vc_col-lg-offset-2 vc_col-lg-8 col-xs-mobile-fullwidth text-justify\"><div class=\"vc_column-inner\"><div class=\"wpb_wrapper\"><div class=\"last-paragraph-no-margin\"><p>W zwi\u0105zku z tre\u015bci\u0105 art. 56 ustawy z dnia 16 sierpnia 2023 r., o zmianie niekt\u00f3rych ustaw w zwi\u0105zku z zapewnieniem rozwoju rynku finansowego oraz ochrony inwestor\u00f3w na tym rynku (Dz.U. 2023 poz. 1723) informuje si\u0119 inwestor\u00f3w Xevin Investments ASI sp. z o.o. z siedzib\u0105 w Warszawie, wpisanej do rejestru przedsi\u0119biorc\u00f3w pod numerem KRS 0000303193 (\u201eInwestorzy\u201d), o zmianach dotycz\u0105cych obejmowania praw uczestnictwa alternatywnych sp\u00f3\u0142ek inwestycyjnych przez klient\u00f3w detalicznych, wprowadzony w\/w ustaw\u0105, w tym w szczeg\u00f3lno\u015bci tre\u015bci <strong>art. 56 ust. 1 i ust.2 w\/w ustawy<\/strong>, kt\u00f3re brzmi\u0105:<\/p>\n<p><strong>art. 56 ust. 1<\/strong> &#8211; Osoby fizyczne posiadaj\u0105ce w dniu wej\u015bcia w \u017cycie niniejszej ustawy prawa uczestnictwa alternatywnej sp\u00f3\u0142ki inwestycyjnej, kt\u00f3rej co najmniej 50% praw uczestnictwa nie posiadaj\u0105 klienci profesjonalni, o kt\u00f3rych mowa w art. 2 pkt 13a lit. a\u2012m ustawy zmienianej w art. 14, kt\u00f3re nie spe\u0142niaj\u0105 warunku okre\u015blonego w art. 70k ust. 3 ustawy zmienianej w art. 14, pozostaj\u0105 inwestorami alternatywnej sp\u00f3\u0142ki inwestycyjnej.<\/p>\n<p><strong>art. 56 ust. 2.<\/strong> Osoby fizyczne, o kt\u00f3rych mowa w ust. 1, nie mog\u0105 obejmowa\u0107 nowych praw uczestnictwa alternatywnej sp\u00f3\u0142ki inwestycyjnej, w szczeg\u00f3lno\u015bci uczestniczy\u0107 w:<\/p>\n<p>1) podwy\u017cszeniu warto\u015bci nominalnej istniej\u0105cych udzia\u0142\u00f3w \u2013 w sp\u00f3\u0142ce z ograniczon\u0105 odpowiedzialno\u015bci\u0105,<\/p>\n<p>2) obejmowaniu akcji nowej emisji, sprzeda\u017cy akcji w\u0142asnych, podwy\u017cszeniu warto\u015bci nominalnej akcji \u2013 w sp\u00f3\u0142ce<\/p>\n<p>akcyjnej oraz komandytowo-akcyjnej,<\/p>\n<p>3) zwi\u0119kszeniu wk\u0142adu dotychczasowych komandytariuszy \u2013 w sp\u00f3\u0142ce komandytowej<br \/>\n\u2013 je\u017celi warto\u015b\u0107 nowych wk\u0142ad\u00f3w liczonych \u0142\u0105cznie z dotychczasowymi wk\u0142adami tych os\u00f3b fizycznych<br \/>\nb\u0119dzie mniejsza ni\u017c okre\u015blona w art. 70k ust. 3 ustawy zmienianej w art. 14 oraz o ile nie zostanie dokonana pozytywna ocena osoby fizycznej zgodnie z art. 70k ust. 1 ustawy zmienianej w art. 14, w brzmieniu nadanym niniejsz\u0105 ustaw\u0105.<\/p>\n<p>&nbsp;<\/p>\n<p>Informuje si\u0119 Inwestor\u00f3w tak\u017ce o tre\u015bci <strong>art. art. 8a ust. 4 oraz art. 70k ustawy z dnia 27 maja 2004 r. o funduszach inwestycyjnych i zarz\u0105dzaniu alternatywnymi funduszami inwestycyjnymi (Dz. U. z 2023 r. poz. 681 i 825)<\/strong>, kt\u00f3re brzmi\u0105:<\/p>\n<p><strong>art. 8a ust. 4<\/strong> &#8211; Alternatywna sp\u00f3\u0142ka inwestycyjna nie mo\u017ce zawrze\u0107 umowy po\u017cyczki lub innej umowy o podobnym charakterze, dokonywa\u0107 emisji obligacji lub innych papier\u00f3w warto\u015bciowych nieb\u0119d\u0105cych prawami uczestnictwa alternatywnej sp\u00f3\u0142ki inwestycyjnej, je\u017celi udzielaj\u0105cym po\u017cyczk\u0119 lub zawieraj\u0105cym inn\u0105 umow\u0119 o podobnym charakterze albo obejmuj\u0105cym lub nabywaj\u0105cym obligacje lub inny papier warto\u015bciowy jest osoba fizyczna. Ograniczenie to nie dotyczy osoby fizycznej<br \/>\nuznanej za klienta profesjonalnego, z uwzgl\u0119dnieniem art. 70k ust. 1 i 3.<\/p>\n<p><strong>art. 70k<\/strong> &#8211; 1.Zarz\u0105dzaj\u0105cy ASI, na wniosek podmiotu innego ni\u017c okre\u015blony w art. 2 pkt 13a lit. a-m oraz w zakresie okre\u015blonym w takim wniosku, mo\u017ce traktowa\u0107 ten podmiot jak klienta profesjonalnego, pod warunkiem \u017ce podmiot ten posiada wiedz\u0119 i do\u015bwiadczenie pozwalaj\u0105ce na podejmowanie w\u0142a\u015bciwych decyzji inwestycyjnych oraz w\u0142a\u015bciw\u0105 ocen\u0119 ryzyka zwi\u0105zanego z tymi decyzjami, a tak\u017ce<br \/>\nspe\u0142nia warunek, o kt\u00f3rym mowa w ust. 3. Przed uwzgl\u0119dnieniem wniosku zarz\u0105dzaj\u0105cy ASI ustala wiedz\u0119 tego podmiotu o zasadach traktowania klient\u00f3w profesjonalnych w zakresie, kt\u00f3rego wniosek<br \/>\ndotyczy.<\/p>\n<p>2. Zarz\u0105dzaj\u0105cy ASI, na wniosek klienta profesjonalnego oraz w zakresie okre\u015blonym w takim wniosku, mo\u017ce traktowa\u0107 go jak klienta detalicznego. Zarz\u0105dzaj\u0105cy ASI mo\u017ce traktowa\u0107 klienta profesjonalnego jak klienta detalicznego r\u00f3wnie\u017c pomimo braku takiego wniosku w przypadku alternatywnej sp\u00f3\u0142ki inwestycyjnej, kt\u00f3ra uzyska\u0142a zezwolenie, o kt\u00f3rym mowa w art. 5 ust. 1 rozporz\u0105dzenia 2015\/760.<\/p>\n<p>3. Osoba fizyczna mo\u017ce by\u0107 uznana za klienta profesjonalnego, je\u017celi warto\u015b\u0107 jej wk\u0142adu do alternatywnej sp\u00f3\u0142ki inwestycyjnej b\u0119dzie nie mniejsza ni\u017c r\u00f3wnowarto\u015b\u0107 w z\u0142otych kwoty 60 000<br \/>\neuro.<\/p>\n<p>4. \u015arodki na wniesienie przez osob\u0119 fizyczn\u0105 wk\u0142adu lub udzia\u0142u w przypadku, o kt\u00f3rym mowa w ust.<\/p>\n<p>3, nie mog\u0105 pochodzi\u0107 z po\u017cyczki, darowizny lub innej umowy o podobnym charakterze zawartej z alternatywn\u0105 sp\u00f3\u0142k\u0105 inwestycyjn\u0105, zarz\u0105dzaj\u0105cym ASI lub jednostk\u0105 powi\u0105zan\u0105 z tymi podmiotami w rozumieniu przepis\u00f3w ustawy o rachunkowo\u015bci.<\/p>\n<p>5. R\u00f3wnowarto\u015b\u0107 w z\u0142otych kwoty wyra\u017conej w euro, o kt\u00f3rej mowa w ust. 3, ustala si\u0119 przy zastosowaniu \u015bredniego kursu euro og\u0142oszonego przez Narodowy Bank Polski na dzie\u0144 wniesienia wk\u0142adu lub udzia\u0142u.<\/p>\n<p>6. Czynno\u015b\u0107 prawna maj\u0105ca za przedmiot prawa uczestnictwa w alternatywnej sp\u00f3\u0142ce inwestycyjnej, prowadz\u0105ca do przeniesienia tych praw lub uprawnie\u0144 z nich wynikaj\u0105cych na podmiot inny ni\u017c inwestor tej alternatywnej sp\u00f3\u0142ki inwestycyjnej oraz zarz\u0105dzaj\u0105cy ASI zarz\u0105dzaj\u0105cy t\u0105 alternatywn\u0105 sp\u00f3\u0142k\u0105 inwestycyjn\u0105 wymaga wyra\u017cenia zgody w formie pisemnej przez zarz\u0105dzaj\u0105cego ASI zarz\u0105dzaj\u0105cego t\u0105 alternatywn\u0105 sp\u00f3\u0142k\u0105 inwestycyjn\u0105. Zarz\u0105dzaj\u0105cy ASI odmawia wyra\u017cenia zgody,<br \/>\nje\u017celi po dokonaniu weryfikacji podmiot, o kt\u00f3rym mowa w zdaniu pierwszym, nie spe\u0142nia warunk\u00f3w pozwalaj\u0105cych na jego uznanie za klienta profesjonalnego, z uwzgl\u0119dnieniem ust. 3 i 4. Czynno\u015b\u0107 prawna dokonana bez wyra\u017cenia zgody przez zarz\u0105dzaj\u0105cego ASI jest niewa\u017cna.<\/p>\n<p>7. Przepis\u00f3w ust. 3-6 nie stosuje si\u0119, w przypadku gdy co najmniej 50% praw uczestnictwa alternatywnej sp\u00f3\u0142ki inwestycyjnej posiadaj\u0105 klienci profesjonalni, o kt\u00f3rych mowa w art. 2 pkt 13a<br \/>\nlit. a-m.<\/p>\n<\/div><\/div><\/div><\/div><\/section>","protected":false},"excerpt":{"rendered":"W zwi\u0105zku z tre\u015bci\u0105 art. 56 ustawy z dnia 16 sierpnia 2023 r., o zmianie niekt\u00f3rych ustaw w zwi\u0105zku z zapewnieniem rozwoju rynku finansowego oraz ochrony inwestor\u00f3w na tym rynku (Dz.U. 2023 poz. 1723) informuje si\u0119 inwestor\u00f3w Xevin Investments ASI sp. z o.o. z siedzib\u0105 w Warszawie, wpisanej do rejestru przedsi\u0119biorc\u00f3w pod numerem KRS 0000303193 (\u201eInwestorzy\u201d), o zmianach dotycz\u0105cych obejmowania praw uczestnictwa alternatywnych sp\u00f3\u0142ek inwestycyjnych przez klient\u00f3w detalicznych, wprowadzony w\/w ustaw\u0105, w tym w szczeg\u00f3lno\u015bci tre\u015bci art. 56 ust. 1 i ust.2 w\/w ustawy, kt\u00f3re brzmi\u0105: art. 56 ust. 1 - Osoby fizyczne posiadaj\u0105ce w dniu wej\u015bcia w \u017cycie niniejszej ustawy prawa uczestnictwa alternatywnej sp\u00f3\u0142ki inwestycyjnej, kt\u00f3rej co najmniej 50% praw uczestnictwa nie posiadaj\u0105 klienci profesjonalni, o kt\u00f3rych mowa w art. 2 pkt 13a lit. a\u2012m ustawy zmienianej w art. 14, kt\u00f3re nie spe\u0142niaj\u0105 warunku okre\u015blonego w art. 70k ust. 3 ustawy zmienianej w art. 14, pozostaj\u0105 inwestorami alternatywnej sp\u00f3\u0142ki inwestycyjnej. art. 56 ust. 2. Osoby fizyczne, o kt\u00f3rych mowa w ust. 1, nie mog\u0105 obejmowa\u0107 nowych praw uczestnictwa alternatywnej sp\u00f3\u0142ki inwestycyjnej, w szczeg\u00f3lno\u015bci uczestniczy\u0107 w: 1) podwy\u017cszeniu warto\u015bci nominalnej istniej\u0105cych udzia\u0142\u00f3w \u2013 w sp\u00f3\u0142ce z ograniczon\u0105 odpowiedzialno\u015bci\u0105, 2) obejmowaniu akcji nowej emisji, sprzeda\u017cy akcji w\u0142asnych, podwy\u017cszeniu warto\u015bci nominalnej akcji...","protected":false},"author":1,"featured_media":0,"parent":0,"menu_order":0,"comment_status":"closed","ping_status":"closed","template":"","meta":[],"yoast_head":"<!-- This site is optimized with the Yoast SEO plugin v16.6.1 - https:\/\/yoast.com\/wordpress\/plugins\/seo\/ -->\n<title>Zesp\u00f3\u0142 Xevin Investments \u2013 fundusz venture capital w Polsce<\/title>\n<meta name=\"description\" content=\"Nasz Zesp\u00f3\u0142 sk\u0142ada si\u0119 do\u015bwiadczonych specjalist\u00f3w dla kt\u00f3rych ka\u017cdy klient jest osob\u0105 o kluczowym znaczeniu. Poznaj ka\u017cdego z nas.\" \/>\n<meta name=\"robots\" content=\"index, follow, max-snippet:-1, max-image-preview:large, max-video-preview:-1\" \/>\n<link rel=\"canonical\" href=\"https:\/\/www.xevin.eu\/en\/dla-inwestorow\/\" \/>\n<meta property=\"og:locale\" content=\"en_GB\" \/>\n<meta property=\"og:type\" content=\"article\" \/>\n<meta property=\"og:title\" content=\"Zesp\u00f3\u0142 Xevin Investments \u2013 fundusz venture capital w Polsce\" \/>\n<meta property=\"og:description\" content=\"Nasz Zesp\u00f3\u0142 sk\u0142ada si\u0119 do\u015bwiadczonych specjalist\u00f3w dla kt\u00f3rych ka\u017cdy klient jest osob\u0105 o kluczowym znaczeniu. Poznaj ka\u017cdego z nas.\" \/>\n<meta property=\"og:url\" content=\"https:\/\/www.xevin.eu\/en\/dla-inwestorow\/\" \/>\n<meta property=\"og:site_name\" content=\"Xevin Investments - fundusz venture capital\" \/>\n<meta property=\"article:modified_time\" content=\"2023-10-16T11:45:20+00:00\" \/>\n<meta name=\"twitter:card\" content=\"summary_large_image\" \/>\n<meta name=\"twitter:label1\" content=\"Est. reading time\" \/>\n\t<meta name=\"twitter:data1\" content=\"4 minutes\" \/>\n<script type=\"application\/ld+json\" class=\"yoast-schema-graph\">{\"@context\":\"https:\/\/schema.org\",\"@graph\":[{\"@type\":\"WebSite\",\"@id\":\"https:\/\/www.xevin.eu\/#website\",\"url\":\"https:\/\/www.xevin.eu\/\",\"name\":\"Xevin Investments - fundusz venture capital\",\"description\":\"Jeste\\u015bmy funduszem venture capital specjalizuj\\u0105cym si\\u0119 w nowych mediach, technologiach, Internecie i telekomunikacji.\",\"potentialAction\":[{\"@type\":\"SearchAction\",\"target\":{\"@type\":\"EntryPoint\",\"urlTemplate\":\"https:\/\/www.xevin.eu\/?s={search_term_string}\"},\"query-input\":\"required name=search_term_string\"}],\"inLanguage\":\"en-GB\"},{\"@type\":\"WebPage\",\"@id\":\"https:\/\/www.xevin.eu\/dla-inwestorow\/#webpage\",\"url\":\"https:\/\/www.xevin.eu\/dla-inwestorow\/\",\"name\":\"Zesp\\u00f3\\u0142 Xevin Investments \\u2013 fundusz venture capital w Polsce\",\"isPartOf\":{\"@id\":\"https:\/\/www.xevin.eu\/#website\"},\"datePublished\":\"2023-09-26T20:24:22+00:00\",\"dateModified\":\"2023-10-16T11:45:20+00:00\",\"description\":\"Nasz Zesp\\u00f3\\u0142 sk\\u0142ada si\\u0119 do\\u015bwiadczonych specjalist\\u00f3w dla kt\\u00f3rych ka\\u017cdy klient jest osob\\u0105 o kluczowym znaczeniu. Poznaj ka\\u017cdego z nas.\",\"breadcrumb\":{\"@id\":\"https:\/\/www.xevin.eu\/dla-inwestorow\/#breadcrumb\"},\"inLanguage\":\"en-GB\",\"potentialAction\":[{\"@type\":\"ReadAction\",\"target\":[\"https:\/\/www.xevin.eu\/dla-inwestorow\/\"]}]},{\"@type\":\"BreadcrumbList\",\"@id\":\"https:\/\/www.xevin.eu\/dla-inwestorow\/#breadcrumb\",\"itemListElement\":[{\"@type\":\"ListItem\",\"position\":1,\"name\":\"Strona g\\u0142\\u00f3wna\",\"item\":\"https:\/\/www.xevin.eu\/\"},{\"@type\":\"ListItem\",\"position\":2,\"name\":\"Dla inwestor\\u00f3w Xevin Investments\"}]}]}<\/script>\n<!-- \/ Yoast SEO plugin. -->","_links":{"self":[{"href":"https:\/\/www.xevin.eu\/en\/wp-json\/wp\/v2\/pages\/21702"}],"collection":[{"href":"https:\/\/www.xevin.eu\/en\/wp-json\/wp\/v2\/pages"}],"about":[{"href":"https:\/\/www.xevin.eu\/en\/wp-json\/wp\/v2\/types\/page"}],"author":[{"embeddable":true,"href":"https:\/\/www.xevin.eu\/en\/wp-json\/wp\/v2\/users\/1"}],"replies":[{"embeddable":true,"href":"https:\/\/www.xevin.eu\/en\/wp-json\/wp\/v2\/comments?post=21702"}],"version-history":[{"count":6,"href":"https:\/\/www.xevin.eu\/en\/wp-json\/wp\/v2\/pages\/21702\/revisions"}],"predecessor-version":[{"id":21720,"href":"https:\/\/www.xevin.eu\/en\/wp-json\/wp\/v2\/pages\/21702\/revisions\/21720"}],"wp:attachment":[{"href":"https:\/\/www.xevin.eu\/en\/wp-json\/wp\/v2\/media?parent=21702"}],"curies":[{"name":"wp","href":"https:\/\/api.w.org\/{rel}","templated":true}]}}