{"id":20800,"date":"2018-11-19T01:06:36","date_gmt":"2018-11-19T00:06:36","guid":{"rendered":"http:\/\/www.xevin.eu\/xevin\/?page_id=20800"},"modified":"2023-09-22T11:35:17","modified_gmt":"2023-09-22T09:35:17","slug":"team","status":"publish","type":"page","link":"https:\/\/www.xevin.eu\/en\/team\/","title":{"rendered":"The Team"},"content":{"rendered":"<section class=\"vc_row wpb_row vc_row-fluid\"><div class=\"wpb_column vc_column_container vc_col-sm-12  col-xs-mobile-fullwidth text-center\"><div class=\"vc_column-inner\"><div class=\"wpb_wrapper\"><h2 class=\"text-extra-dark-gray margin-20px-bottom font-weight-600 xh5 display-inline-block alt-font text-uppercase heading-style2  heading-1\" >We have over 20 years of experience<br \/>in creating and developing innovative projects.<\/h2><span class=\"text-extra-dark-gray margin-20px-bottom font-weight-600 display-inline-block alt-font heading-style2  heading-2\" >And we are happy to share it.<\/span><\/div><\/div><\/div><\/section><section data-vc-full-width=\"true\" data-vc-full-width-init=\"false\" class=\"vc_row wpb_row vc_row-fluid  vc_custom_1542587199937 vc_row-has-fill pofo-stretch-content pofo-stretch-row-container\"><div class=\"wpb_column vc_column_container vc_col-sm-6  col-xs-mobile-fullwidth\"><div class=\"vc_column-inner\"><div class=\"wpb_wrapper\">\n\t<div  class=\"wpb_single_image wpb_content_element vc_align_center\">\n\t\t\n\t\t<figure class=\"wpb_wrapper vc_figure\">\n\t\t\t<div class=\"vc_single_image-wrapper   vc_box_border_grey\"><img width=\"300\" height=\"531\" src=\"https:\/\/www.xevin.eu\/wp-content\/uploads\/2020\/11\/mrdres4.png\" class=\"vc_single_image-img attachment-full\" alt=\"\" loading=\"lazy\" srcset=\"https:\/\/www.xevin.eu\/wp-content\/uploads\/2020\/11\/mrdres4.png 300w, https:\/\/www.xevin.eu\/wp-content\/uploads\/2020\/11\/mrdres4-169x300.png 169w, https:\/\/www.xevin.eu\/wp-content\/uploads\/2020\/11\/mrdres4-7x12.png 7w, https:\/\/www.xevin.eu\/wp-content\/uploads\/2020\/11\/mrdres4-81x143.png 81w\" sizes=\"(max-width: 300px) 100vw, 300px\" \/><\/div>\n\t\t<\/figure>\n\t<\/div>\n<\/div><\/div><\/div><div class=\"wpb_column vc_column_container vc_col-sm-6  col-xs-mobile-fullwidth\"><div class=\"vc_column-inner vc_custom_1542588840449\"><div class=\"wpb_wrapper\"><h2 class=\"text-extra-dark-gray margin-20px-bottom font-weight-600 xh5 display-inline-block alt-font text-uppercase heading-style2  heading-3\"  style=\"font-weight: 700;\">Marek Rusiecki<\/h2><span class=\"text-extra-dark-gray margin-20px-bottom font-weight-600 display-block alt-font heading-style2  heading-4\" >Co-Founder, CEO<\/span><div class=\"vc_custom_1604931915200 last-paragraph-no-margin pofo-text-block-responsive-69f160a9d8ee8\"><p>A graduate of the Warsaw School of Economics. Co-founder of the first internet advertising agency in Poland (2000) and one of the first members of IAB Polska. One of the most active <a href=\"https:\/\/www.eu-startups.com\/2017\/12\/top-40-business-angels-that-are-rocking-europe-and-help-startups-grow\/\" target=\"_blank\" rel=\"noopener\">business angels in Europe<\/a>. He has over 20 years of experience in running internet businesses.<\/p>\n<\/div><div class=\"vc_custom_1542588737600 last-paragraph-no-margin\"><p><a href=\"\/en\/mailto&\/#58;&#109;&#97;&#114;&#101;&#107;&#64;&#x78;&#x65;&#x76;&#x69;&#x6e;&#x2e;&#x65;&#x75;\"><i class=\"fas fa-at\" style=\"padding: 0 5px;\"><\/i>\u00a0&#x6d;&#x61;&#x72;&#x65;&#x6b;&#x40;&#x78;&#x65;&#x76;&#x69;&#x6e;&#x2e;&#101;&#117;<\/a><\/p>\n<\/div><div class=\"vc_custom_1542588756181 last-paragraph-no-margin\"><p><a href=\"http:\/\/pl.linkedin.com\/pub\/marek-rusiecki\/0\/9a8\/641\" target=\"_blank\" rel=\"noopener\"><i class=\"fab fa-linkedin-in\" style=\"padding: 0 5px;\"><\/i> profil LinkedIn<\/a><\/p>\n<\/div><\/div><\/div><\/div><\/section><div class=\"vc_row-full-width vc_clearfix\"><\/div><section data-vc-full-width=\"true\" data-vc-full-width-init=\"false\" class=\"vc_row wpb_row vc_row-fluid  vc_custom_1542589141930 vc_row-has-fill pofo-stretch-content pofo-stretch-row-container\"><div class=\"wpb_column vc_column_container vc_col-sm-6  col-xs-mobile-fullwidth\"><div class=\"vc_column-inner\"><div class=\"wpb_wrapper\">\n\t<div  class=\"wpb_single_image wpb_content_element vc_align_center\">\n\t\t\n\t\t<figure class=\"wpb_wrapper vc_figure\">\n\t\t\t<div class=\"vc_single_image-wrapper   vc_box_border_grey\"><img width=\"300\" height=\"520\" src=\"https:\/\/www.xevin.eu\/wp-content\/uploads\/2020\/11\/gh4.png\" class=\"vc_single_image-img attachment-full\" alt=\"\" loading=\"lazy\" srcset=\"https:\/\/www.xevin.eu\/wp-content\/uploads\/2020\/11\/gh4.png 300w, https:\/\/www.xevin.eu\/wp-content\/uploads\/2020\/11\/gh4-173x300.png 173w, https:\/\/www.xevin.eu\/wp-content\/uploads\/2020\/11\/gh4-7x12.png 7w, https:\/\/www.xevin.eu\/wp-content\/uploads\/2020\/11\/gh4-81x140.png 81w\" sizes=\"(max-width: 300px) 100vw, 300px\" \/><\/div>\n\t\t<\/figure>\n\t<\/div>\n<\/div><\/div><\/div><div class=\"wpb_column vc_column_container vc_col-sm-6  col-xs-mobile-fullwidth\"><div class=\"vc_column-inner vc_custom_1542588840449\"><div class=\"wpb_wrapper\"><h2 class=\"text-extra-dark-gray margin-20px-bottom font-weight-600 xh5 display-inline-block alt-font text-uppercase heading-style2  heading-5\"  style=\"font-weight: 700;\">Gwidon Humeniuk<\/h2><span class=\"text-extra-dark-gray margin-20px-bottom font-weight-600 display-block alt-font heading-style2  heading-6\" >Co-Founder, Board Memebr<\/span><div class=\"vc_custom_1604931743733 last-paragraph-no-margin pofo-text-block-responsive-69f160a9d947a\"><p>A graduate of the University of Commerce and Law named after R. \u0141azarski. One of the pioneers of internet advertising in Poland. For many years he held managerial positions in companies from the digital industry. For 13 years associated with the VC industry. He carried out dozens of investment and disinvestment processes in Poland and abroad. Privately, a lover of nature and dogs.<\/p>\n<\/div><div class=\"vc_custom_1542588964343 last-paragraph-no-margin\"><p><a href=\"\/en\/&\/#x6d;&#97;&#105;&#x6c;&#x74;&#111;&#58;&#x67;&#x77;&#105;&#100;&#x6f;&#x6e;&#64;&#120;&#x65;&#x76;&#105;&#110;&#x2e;&#x65;&#117;\"><i class=\"fas fa-at\" style=\"padding: 0 5px;\"><\/i>\u00a0&#103;wi&#x64;&#x6f;&#110;&#64;x&#x65;&#x76;&#105;&#110;&#46;&#x65;&#x75;<\/a><\/p>\n<\/div><div class=\"vc_custom_1542588980319 last-paragraph-no-margin\"><p><a href=\"http:\/\/www.linkedin.com\/in\/gwidonhumeniuk\" target=\"_blank\" rel=\"noopener\"><i class=\"fab fa-linkedin-in\" style=\"padding: 0 5px;\"><\/i> profil LinkedIn<\/a><\/p>\n<\/div><\/div><\/div><\/div><\/section><div class=\"vc_row-full-width vc_clearfix\"><\/div><section data-vc-full-width=\"true\" data-vc-full-width-init=\"false\" class=\"vc_row wpb_row vc_row-fluid  vc_custom_1542587199937 vc_row-has-fill pofo-stretch-content pofo-stretch-row-container\"><div class=\"wpb_column vc_column_container vc_col-sm-6  col-xs-mobile-fullwidth\"><div class=\"vc_column-inner\"><div class=\"wpb_wrapper\">\n\t<div  class=\"wpb_single_image wpb_content_element vc_align_center\">\n\t\t\n\t\t<figure class=\"wpb_wrapper vc_figure\">\n\t\t\t<div class=\"vc_single_image-wrapper   vc_box_border_grey\"><img width=\"300\" height=\"498\" src=\"https:\/\/www.xevin.eu\/wp-content\/uploads\/2020\/11\/awatarEwa4.png\" class=\"vc_single_image-img attachment-full\" alt=\"\" loading=\"lazy\" srcset=\"https:\/\/www.xevin.eu\/wp-content\/uploads\/2020\/11\/awatarEwa4.png 300w, https:\/\/www.xevin.eu\/wp-content\/uploads\/2020\/11\/awatarEwa4-181x300.png 181w, https:\/\/www.xevin.eu\/wp-content\/uploads\/2020\/11\/awatarEwa4-7x12.png 7w, https:\/\/www.xevin.eu\/wp-content\/uploads\/2020\/11\/awatarEwa4-81x134.png 81w\" sizes=\"(max-width: 300px) 100vw, 300px\" \/><\/div>\n\t\t<\/figure>\n\t<\/div>\n<\/div><\/div><\/div><div class=\"wpb_column vc_column_container vc_col-sm-6  col-xs-mobile-fullwidth\"><div class=\"vc_column-inner vc_custom_1542588840449\"><div class=\"wpb_wrapper\"><h2 class=\"text-extra-dark-gray margin-20px-bottom font-weight-600 xh5 display-inline-block alt-font text-uppercase heading-style2  heading-7\"  style=\"font-weight: 700;\">Ewa Ostrowska<\/h2><span class=\"text-extra-dark-gray margin-20px-bottom font-weight-600 display-block alt-font heading-style2  heading-8\" >Member of the Management Board, Legal Advisor<\/span><div class=\"vc_custom_1602167221098 last-paragraph-no-margin pofo-text-block-responsive-69f160a9d99c7\"><p>Graduate of the law faculty of the European University Viadrina in Frankfurt (the Odra River) and the University of Adam Mickiewicz in Pozna\u0144. Since 2001, she has been involved in legal services for enterprises, and since 2005, a legal advisor. She has many years of experience in comprehensive legal services for investment processes. She deals with Term Sheets, negotiations, investment agreements - and then supports the founders in legal matters.<\/p>\n<\/div><div class=\"vc_custom_1604274179263 last-paragraph-no-margin\"><p><a href=\"\/en\/mai&\/#108;&#116;&#111;&#x3a;&#x65;&#x77;&#x61;&#x40;&#x78;evi&#110;&#46;&#101;&#117;\"><i class=\"fas fa-at\" style=\"padding: 0 5px;\"><\/i>\u00a0&#101;&#119;&#97;&#x40;&#x78;&#x65;&#x76;&#x69;n&#46;&#101;&#117;<\/a><\/p>\n<\/div><div class=\"vc_custom_1604274247427 last-paragraph-no-margin\"><p><a href=\"https:\/\/www.linkedin.com\/in\/ewa-ostrowska-3211722\" target=\"_blank\" rel=\"noopener\"><i class=\"fab fa-linkedin-in\" style=\"padding: 0 5px;\"><\/i> profil LinkedIn<\/a><\/p>\n<\/div><\/div><\/div><\/div><\/section><div class=\"vc_row-full-width vc_clearfix\"><\/div>","protected":false},"excerpt":{"rendered":"Posiadamy ponad 20 letnie do\u015bwiadczeniew tworzeniu i rozwijaniu innowacyjnych projekt\u00f3w.I ch\u0119tnie si\u0119 nim podzielimy. Marek RusieckiWsp\u00f3\u0142za\u0142o\u017cyciel, Prezes Zarz\u0105duAbsolwent Szko\u0142y G\u0142\u00f3wnej Handlowej. Wsp\u00f3\u0142tw\u00f3rca pierwszej agencji reklamy internetowej w Polsce (2000r.) oraz by\u0142 jednym z pierwszych cz\u0142onk\u00f3w IAB\u00a0Polska. Jednym z najbardziej aktywnych anio\u0142\u00f3w\u00a0biznesu w Europie. Posiada ponad 20 lat do\u015bwiadczenia w prowadzeniu biznes\u00f3w internetowych. \u00a0&#109;&#97;&#114;&#x65;&#x6b;&#x40;&#x78;ev&#105;&#110;&#46;&#x65;&#x75; profil LinkedIn Gwidon HumeniukWsp\u00f3\u0142za\u0142o\u017cyciel, Cz\u0142onek Zarz\u0105duAbsolwent Wy\u017cszej Szko\u0142y Handlu i Prawa im. R. \u0141azarskiego. Jeden z pionier\u00f3w reklamy internetowej w Polsce. Przez wiele lat zajmowa\u0142 funkcje zarz\u0105dcze w sp\u00f3\u0142kach z bran\u017cy digital. Od 13 lat zwi\u0105zany z bran\u017c\u0105 VC. Przeprowadzi\u0142 dziesi\u0105tki proces\u00f3w inwestycyjnych i dezinwestycyjnych w Polsce i zagranic\u0105. Prywatnie mi\u0142o\u015bnik przyrody i ps\u00f3w. \u00a0&#x67;w&#105;&#x64;o&#110;&#x40;x&#101;&#x76;i&#110;&#x2e;&#x65;&#117; profil LinkedIn Ewa OstrowskaCz\u0142onek Zarz\u0105du, Radca PrawnyAbsolwentka wydzia\u0142u prawa Uniwersytetu Europejskiego Viadrina we Frankfurcie nad Odr\u0105 i Uniwersytetu im. Adama Mickiewicza w Poznaniu. Od 2001 r. zaanga\u017cowana w obs\u0142ug\u0119 prawn\u0105 przedsi\u0119biorstw, od 2005 radca prawny. Posiada wieloletnie do\u015bwiadczenie\u00a0 w kompleksowej obs\u0142udze prawnej proces\u00f3w inwestycyjnych. Ogarnia Term Sheety, negocjacje, umowy inwestycyjne \u2013 a nast\u0119pnie wspiera za\u0142o\u017cycieli w kwestiach prawnych. \u00a0e&#119;&#97;&#64;&#x78;&#x65;&#x76;&#x69;&#x6e;&#x2e;eu profil LinkedIn","protected":false},"author":1,"featured_media":0,"parent":0,"menu_order":0,"comment_status":"closed","ping_status":"closed","template":"","meta":[],"yoast_head":"<!-- This site is optimized with the Yoast SEO plugin v16.6.1 - https:\/\/yoast.com\/wordpress\/plugins\/seo\/ -->\n<title>Zesp\u00f3\u0142 Xevin Investments \u2013 fundusz venture capital w Polsce<\/title>\n<meta name=\"description\" content=\"Nasz Zesp\u00f3\u0142 sk\u0142ada si\u0119 do\u015bwiadczonych specjalist\u00f3w dla kt\u00f3rych ka\u017cdy klient jest osob\u0105 o kluczowym znaczeniu. Poznaj ka\u017cdego z nas.\" \/>\n<meta name=\"robots\" content=\"index, follow, max-snippet:-1, max-image-preview:large, max-video-preview:-1\" \/>\n<link rel=\"canonical\" href=\"https:\/\/www.xevin.eu\/en\/team\/\" \/>\n<meta property=\"og:locale\" content=\"en_GB\" \/>\n<meta property=\"og:type\" content=\"article\" \/>\n<meta property=\"og:title\" content=\"Zesp\u00f3\u0142 Xevin Investments \u2013 fundusz venture capital w Polsce\" \/>\n<meta property=\"og:description\" content=\"Nasz Zesp\u00f3\u0142 sk\u0142ada si\u0119 do\u015bwiadczonych specjalist\u00f3w dla kt\u00f3rych ka\u017cdy klient jest osob\u0105 o kluczowym znaczeniu. Poznaj ka\u017cdego z nas.\" \/>\n<meta property=\"og:url\" content=\"https:\/\/www.xevin.eu\/en\/team\/\" \/>\n<meta property=\"og:site_name\" content=\"Xevin Investments - fundusz venture capital\" \/>\n<meta property=\"article:modified_time\" content=\"2023-09-22T09:35:17+00:00\" \/>\n<meta name=\"twitter:card\" content=\"summary_large_image\" \/>\n<meta name=\"twitter:label1\" content=\"Est. reading time\" \/>\n\t<meta name=\"twitter:data1\" content=\"3 minutes\" \/>\n<script type=\"application\/ld+json\" class=\"yoast-schema-graph\">{\"@context\":\"https:\/\/schema.org\",\"@graph\":[{\"@type\":\"WebSite\",\"@id\":\"https:\/\/www.xevin.eu\/#website\",\"url\":\"https:\/\/www.xevin.eu\/\",\"name\":\"Xevin Investments - fundusz venture capital\",\"description\":\"Jeste\\u015bmy funduszem venture capital specjalizuj\\u0105cym si\\u0119 w nowych mediach, technologiach, Internecie i telekomunikacji.\",\"potentialAction\":[{\"@type\":\"SearchAction\",\"target\":{\"@type\":\"EntryPoint\",\"urlTemplate\":\"https:\/\/www.xevin.eu\/?s={search_term_string}\"},\"query-input\":\"required name=search_term_string\"}],\"inLanguage\":\"en-GB\"},{\"@type\":\"WebPage\",\"@id\":\"https:\/\/www.xevin.eu\/team\/#webpage\",\"url\":\"https:\/\/www.xevin.eu\/team\/\",\"name\":\"Zesp\\u00f3\\u0142 Xevin Investments \\u2013 fundusz venture capital w Polsce\",\"isPartOf\":{\"@id\":\"https:\/\/www.xevin.eu\/#website\"},\"datePublished\":\"2018-11-19T00:06:36+00:00\",\"dateModified\":\"2023-09-22T09:35:17+00:00\",\"description\":\"Nasz Zesp\\u00f3\\u0142 sk\\u0142ada si\\u0119 do\\u015bwiadczonych specjalist\\u00f3w dla kt\\u00f3rych ka\\u017cdy klient jest osob\\u0105 o kluczowym znaczeniu. Poznaj ka\\u017cdego z nas.\",\"breadcrumb\":{\"@id\":\"https:\/\/www.xevin.eu\/team\/#breadcrumb\"},\"inLanguage\":\"en-GB\",\"potentialAction\":[{\"@type\":\"ReadAction\",\"target\":[\"https:\/\/www.xevin.eu\/team\/\"]}]},{\"@type\":\"BreadcrumbList\",\"@id\":\"https:\/\/www.xevin.eu\/team\/#breadcrumb\",\"itemListElement\":[{\"@type\":\"ListItem\",\"position\":1,\"name\":\"Strona g\\u0142\\u00f3wna\",\"item\":\"https:\/\/www.xevin.eu\/\"},{\"@type\":\"ListItem\",\"position\":2,\"name\":\"Zesp\\u00f3\\u0142 Xevin Investments\"}]}]}<\/script>\n<!-- \/ Yoast SEO plugin. -->","_links":{"self":[{"href":"https:\/\/www.xevin.eu\/en\/wp-json\/wp\/v2\/pages\/20800"}],"collection":[{"href":"https:\/\/www.xevin.eu\/en\/wp-json\/wp\/v2\/pages"}],"about":[{"href":"https:\/\/www.xevin.eu\/en\/wp-json\/wp\/v2\/types\/page"}],"author":[{"embeddable":true,"href":"https:\/\/www.xevin.eu\/en\/wp-json\/wp\/v2\/users\/1"}],"replies":[{"embeddable":true,"href":"https:\/\/www.xevin.eu\/en\/wp-json\/wp\/v2\/comments?post=20800"}],"version-history":[{"count":43,"href":"https:\/\/www.xevin.eu\/en\/wp-json\/wp\/v2\/pages\/20800\/revisions"}],"predecessor-version":[{"id":20804,"href":"https:\/\/www.xevin.eu\/en\/wp-json\/wp\/v2\/pages\/20800\/revisions\/20804"}],"wp:attachment":[{"href":"https:\/\/www.xevin.eu\/en\/wp-json\/wp\/v2\/media?parent=20800"}],"curies":[{"name":"wp","href":"https:\/\/api.w.org\/{rel}","templated":true}]}}